{"id":1045,"date":"2015-12-08T11:05:19","date_gmt":"2015-12-08T10:05:24","guid":{"rendered":"http:\/\/emafructidor.com\/ema\/?page_id=1045"},"modified":"2025-12-24T15:00:14","modified_gmt":"2025-12-24T14:00:14","slug":"ecole","status":"publish","type":"page","link":"http:\/\/emafructidor.com\/ema\/ecole\/","title":{"rendered":"Ecole"},"content":{"rendered":"<p><div class=\"fusion-fullwidth fullwidth-box nonhundred-percent-fullwidth non-hundred-percent-height-scrolling\"  style='background-color: #ffffff;background-position: center center;background-repeat: no-repeat;padding-top:0px;padding-right:0px;padding-bottom:0px;padding-left:0px;'><div class=\"fusion-builder-row fusion-row \"><div  class=\"fusion-layout-column fusion_builder_column fusion_builder_column_1_1  fusion-one-full fusion-column-first fusion-column-last 1_1\"  style='margin-top:0px;margin-bottom:20px;'>\n\t\t\t\t\t<div class=\"fusion-column-wrapper\" style=\"background-position:left top;background-repeat:no-repeat;-webkit-background-size:cover;-moz-background-size:cover;-o-background-size:cover;background-size:cover;\"  data-bg-url=\"\">\n\t\t\t\t\t\t<div class=\"fusion-text\"><p><span style=\"color: #000000;\">Fond\u00e9e en 1821 comme \u00e9cole de dessin, L\u2019\u00c9cole media art du Grand Chalon (e|m|a) est un \u00e9tablissement public d\u2019enseignement artistique \u00e9tabli \u00e0 Chalon-sur-Sa\u00f4ne. Elle propose des formations d\u2019enseignement sup\u00e9rieur et des ateliers de pratique en amateur. <\/span><br \/>\n<span style=\"color: #000000;\">L\u2019e|m|a est implant\u00e9e en Bourgogne-Franche-Comt\u00e9 (2,8 millions d\u2019habitants), dans le d\u00e9partement de Sa\u00f4ne-et-Loire. La communaut\u00e9 d\u2019agglom\u00e9ration du Grand Chalon compte 51 communes et 114 000 habitants. <\/span><br \/>\n<span style=\"color: #000000;\">L\u2019\u00e9cole b\u00e9n\u00e9ficie d\u2019un environnement riche et singulier qui lui permet de mettre en \u0153uvre des collaborations p\u00e9dagogiques diversifi\u00e9es et de proposer \u00e0 ses \u00e9tudiants un cadre de vie agr\u00e9able et attractif :<\/span><\/p>\n<p><span style=\"color: #000000;\"><strong>Enseignement sup\u00e9rieur :<\/strong><\/span><\/p>\n<ul>\n<li><span style=\"color: #000000;\">2 500 \u00e9tudiants, 23 \u00e9tablissements (Cnam BFC, IUT, CFA, UIMM\u2026) ;<\/span><\/li>\n<li><span style=\"color: #000000;\">5 \u00e9coles d\u2019art publiques en Bourgogne-Franche-Comt\u00e9 (Ensa Dijon, Isba Besan\u00e7on, \u00e9coles pr\u00e9paratoires \u00e0 l\u2019enseignement sup\u00e9rieur artistique de Beaune et Belfort).<\/span><\/li>\n<\/ul>\n<p><span style=\"color: #000000;\"><strong>Culture :<\/strong><\/span><\/p>\n<ul>\n<li><span style=\"color: #000000;\">l\u2019Espace des Arts, sc\u00e8ne nationale ;<\/span><\/li>\n<li><span style=\"color: #000000;\">le Conservatoire \u00e0 rayonnement r\u00e9gional ;<\/span><\/li>\n<li><span style=\"color: #000000;\">le Centre national des arts de la rue et de l\u2019espace public (festival Chalon dans la rue) ;<\/span><\/li>\n<li><span style=\"color: #000000;\">les mus\u00e9es Nic\u00e9phore Niepce et Vivant Denon.<\/span><\/li>\n<\/ul>\n<p><span style=\"color: #000000;\"><strong>Activit\u00e9 \u00e9conomique :<\/strong><\/span><\/p>\n<ul>\n<li><span style=\"color: #000000;\">l\u2019Usinerie, un p\u00f4le d\u2019innovation de 4 000 m\u00b2 au service de l\u2019industrie regroupant des entreprises, un FabLab, un espace \u00e9v\u00e8nementiel, un p\u00f4le formation et un plateau technique ;<\/span><\/li>\n<li><span style=\"color: #000000;\">de nombreuses entreprises aux formats diversifi\u00e9s.<\/span><\/li>\n<\/ul>\n<\/div><div class=\"fusion-clearfix\"><\/div>\n\n\t\t\t\t\t<\/div>\n\t\t\t\t<\/div><\/div><\/div><div class=\"fusion-fullwidth fullwidth-box nonhundred-percent-fullwidth non-hundred-percent-height-scrolling\"  style='background-color: #ffffff;background-position: center center;background-repeat: no-repeat;padding-top:0px;padding-right:0px;padding-bottom:0px;padding-left:0px;'><div class=\"fusion-builder-row fusion-row \"><\/div><\/div><\/p>\n","protected":false},"excerpt":{"rendered":"","protected":false},"author":9,"featured_media":0,"parent":0,"menu_order":1,"comment_status":"open","ping_status":"open","template":"","meta":{"ngg_post_thumbnail":0},"_links":{"self":[{"href":"http:\/\/emafructidor.com\/ema\/wp-json\/wp\/v2\/pages\/1045"}],"collection":[{"href":"http:\/\/emafructidor.com\/ema\/wp-json\/wp\/v2\/pages"}],"about":[{"href":"http:\/\/emafructidor.com\/ema\/wp-json\/wp\/v2\/types\/page"}],"author":[{"embeddable":true,"href":"http:\/\/emafructidor.com\/ema\/wp-json\/wp\/v2\/users\/9"}],"replies":[{"embeddable":true,"href":"http:\/\/emafructidor.com\/ema\/wp-json\/wp\/v2\/comments?post=1045"}],"version-history":[{"count":57,"href":"http:\/\/emafructidor.com\/ema\/wp-json\/wp\/v2\/pages\/1045\/revisions"}],"predecessor-version":[{"id":10399,"href":"http:\/\/emafructidor.com\/ema\/wp-json\/wp\/v2\/pages\/1045\/revisions\/10399"}],"wp:attachment":[{"href":"http:\/\/emafructidor.com\/ema\/wp-json\/wp\/v2\/media?parent=1045"}],"curies":[{"name":"wp","href":"https:\/\/api.w.org\/{rel}","templated":true}]}}