{"id":1064,"date":"2015-12-08T11:29:53","date_gmt":"2015-12-08T10:29:53","guid":{"rendered":"http:\/\/emafructidor.com\/ema\/partenaires\/"},"modified":"2025-12-24T15:00:14","modified_gmt":"2025-12-24T14:00:14","slug":"partenaires","status":"publish","type":"page","link":"http:\/\/emafructidor.com\/ema\/ecole\/partenaires\/","title":{"rendered":"Partenaires"},"content":{"rendered":"<p><div class=\"fusion-fullwidth fullwidth-box nonhundred-percent-fullwidth non-hundred-percent-height-scrolling\"  style='background-color: #ffffff;background-position: center center;background-repeat: no-repeat;padding-top:0px;padding-right:0px;padding-bottom:0px;padding-left:0px;'><div class=\"fusion-builder-row fusion-row \"><div  class=\"fusion-layout-column fusion_builder_column fusion_builder_column_1_1  fusion-one-full fusion-column-first fusion-column-last 1_1\"  style='margin-top:0px;margin-bottom:20px;'>\n\t\t\t\t\t<div class=\"fusion-column-wrapper\" style=\"background-position:left top;background-repeat:no-repeat;-webkit-background-size:cover;-moz-background-size:cover;-o-background-size:cover;background-size:cover;\"  data-bg-url=\"\">\n\t\t\t\t\t\t<div class=\"fusion-title title fusion-title-size-two\" style=\"margin-top:0px;margin-bottom:20px;\"><h2 class=\"title-heading-left\">Les principaux partenaires &nbsp;<\/h2><div class=\"title-sep-container\"><div class=\"title-sep sep-single sep-solid\" style=\"border-color:#03a9f4;\"><\/div><\/div><\/div><div class=\"fusion-clearfix\"><\/div>\n\n\t\t\t\t\t<\/div>\n\t\t\t\t<\/div><\/div><\/div><div class=\"fusion-fullwidth fullwidth-box nonhundred-percent-fullwidth non-hundred-percent-height-scrolling\"  style='background-color: #ffffff;background-position: center center;background-repeat: no-repeat;padding-top:0px;padding-right:0px;padding-bottom:0px;padding-left:0px;'><div class=\"fusion-builder-row fusion-row \"><div  class=\"fusion-layout-column fusion_builder_column fusion_builder_column_1_4  fusion-one-fourth fusion-column-first 1_4\"  style='margin-top:20px;margin-bottom:20px;width:25%;width:calc(25% - ( ( 4% + 4% + 4% ) * 0.25 ) );margin-right: 4%;'>\n\t\t\t\t\t<div class=\"fusion-column-wrapper\" style=\"padding: 0px 0px 0px 0px;background-position:left top;background-repeat:no-repeat;-webkit-background-size:cover;-moz-background-size:cover;-o-background-size:cover;background-size:cover;\"  data-bg-url=\"\">\n\t\t\t\t\t\t<div class=\"fusion-text\"><p style=\"text-align: center;\">Le Cartel<\/p>\n<p style=\"text-align: center;\">association des \u00e9coles d&rsquo;art publiques de Bourgogne-Franche-Comt\u00e9<\/p>\n<\/div><div class=\"fusion-clearfix\"><\/div>\n\n\t\t\t\t\t<\/div>\n\t\t\t\t<\/div><div  class=\"fusion-layout-column fusion_builder_column fusion_builder_column_1_4  fusion-one-fourth 1_4\"  style='margin-top:20px;margin-bottom:20px;width:25%;width:calc(25% - ( ( 4% + 4% + 4% ) * 0.25 ) );margin-right: 4%;'>\n\t\t\t\t\t<div class=\"fusion-column-wrapper\" style=\"padding: 0px 0px 0px 0px;background-position:left top;background-repeat:no-repeat;-webkit-background-size:cover;-moz-background-size:cover;-o-background-size:cover;background-size:cover;\"  data-bg-url=\"\">\n\t\t\t\t\t\t<div class=\"fusion-text\"><p style=\"text-align: center;\"><img loading=\"lazy\" class=\"alignnone size-medium wp-image-8384\" src=\"http:\/\/emafructidor.com\/ema\/wp-content\/uploads\/2022\/08\/Logo_Isba-300x103.png\" alt=\"\" width=\"300\" height=\"103\" srcset=\"http:\/\/emafructidor.com\/ema\/wp-content\/uploads\/2022\/08\/Logo_Isba-200x69.png 200w, http:\/\/emafructidor.com\/ema\/wp-content\/uploads\/2022\/08\/Logo_Isba-300x103.png 300w, http:\/\/emafructidor.com\/ema\/wp-content\/uploads\/2022\/08\/Logo_Isba.png 383w\" sizes=\"(max-width: 300px) 100vw, 300px\" \/><\/p>\n<\/div><div class=\"fusion-clearfix\"><\/div>\n\n\t\t\t\t\t<\/div>\n\t\t\t\t<\/div><div  class=\"fusion-layout-column fusion_builder_column fusion_builder_column_1_4  fusion-one-fourth 1_4\"  style='margin-top:20px;margin-bottom:20px;width:25%;width:calc(25% - ( ( 4% + 4% + 4% ) * 0.25 ) );margin-right: 4%;'>\n\t\t\t\t\t<div class=\"fusion-column-wrapper\" style=\"padding: 0px 0px 0px 0px;background-position:left top;background-repeat:no-repeat;-webkit-background-size:cover;-moz-background-size:cover;-o-background-size:cover;background-size:cover;\"  data-bg-url=\"\">\n\t\t\t\t\t\t<div class=\"fusion-text\"><p><img loading=\"lazy\" class=\"alignnone size-full wp-image-8393 aligncenter\" src=\"http:\/\/emafructidor.com\/ema\/wp-content\/uploads\/2022\/08\/Logo_EnsaDijon-e1661355038375.png\" alt=\"\" width=\"170\" height=\"237\"><\/p>\n<\/div><div class=\"fusion-clearfix\"><\/div>\n\n\t\t\t\t\t<\/div>\n\t\t\t\t<\/div><div  class=\"fusion-layout-column fusion_builder_column fusion_builder_column_1_4  fusion-one-fourth fusion-column-last 1_4\"  style='margin-top:20px;margin-bottom:20px;width:25%;width:calc(25% - ( ( 4% + 4% + 4% ) * 0.25 ) );'>\n\t\t\t\t\t<div class=\"fusion-column-wrapper\" style=\"padding: 0px 0px 0px 0px;background-position:left top;background-repeat:no-repeat;-webkit-background-size:cover;-moz-background-size:cover;-o-background-size:cover;background-size:cover;\"  data-bg-url=\"\">\n\t\t\t\t\t\t<div class=\"fusion-text\"><p style=\"text-align: center;\"><img loading=\"lazy\" class=\"alignnone size-full wp-image-8388\" src=\"http:\/\/emafructidor.com\/ema\/wp-content\/uploads\/2022\/08\/Logo_EcolebeauxArtsBeaune-e1661341307336.png\" alt=\"\" width=\"143\" height=\"100\"><\/p>\n<\/div><div class=\"fusion-clearfix\"><\/div>\n\n\t\t\t\t\t<\/div>\n\t\t\t\t<\/div><div  class=\"fusion-layout-column fusion_builder_column fusion_builder_column_1_4  fusion-one-fourth fusion-column-first 1_4\"  style='margin-top:20px;margin-bottom:20px;width:25%;width:calc(25% - ( ( 4% + 4% + 4% ) * 0.25 ) );margin-right: 4%;'>\n\t\t\t\t\t<div class=\"fusion-column-wrapper\" style=\"padding: 0px 0px 0px 0px;background-position:left top;background-repeat:no-repeat;-webkit-background-size:cover;-moz-background-size:cover;-o-background-size:cover;background-size:cover;\"  data-bg-url=\"\">\n\t\t\t\t\t\t<div class=\"fusion-text\"><p style=\"text-align: center;\"><img loading=\"lazy\" class=\"alignnone size-medium wp-image-8392\" src=\"http:\/\/emafructidor.com\/ema\/wp-content\/uploads\/2022\/08\/Logo_PrepaBelfort-e1661354704606-300x66.png\" alt=\"\" width=\"300\" height=\"66\" srcset=\"http:\/\/emafructidor.com\/ema\/wp-content\/uploads\/2022\/08\/Logo_PrepaBelfort-e1661354704606-200x44.png 200w, http:\/\/emafructidor.com\/ema\/wp-content\/uploads\/2022\/08\/Logo_PrepaBelfort-e1661354704606-300x66.png 300w, http:\/\/emafructidor.com\/ema\/wp-content\/uploads\/2022\/08\/Logo_PrepaBelfort-e1661354704606.png 350w\" sizes=\"(max-width: 300px) 100vw, 300px\" \/><\/p>\n<\/div><div class=\"fusion-clearfix\"><\/div>\n\n\t\t\t\t\t<\/div>\n\t\t\t\t<\/div><div  class=\"fusion-layout-column fusion_builder_column fusion_builder_column_1_4  fusion-one-fourth 1_4\"  style='margin-top:0px;margin-bottom:20px;width:25%;width:calc(25% - ( ( 4% + 4% + 4% ) * 0.25 ) );margin-right: 4%;'>\n\t\t\t\t\t<div class=\"fusion-column-wrapper\" style=\"background-position:left top;background-repeat:no-repeat;-webkit-background-size:cover;-moz-background-size:cover;-o-background-size:cover;background-size:cover;\"  data-bg-url=\"\">\n\t\t\t\t\t\t<div class=\"imageframe-align-center\"><span class=\"fusion-imageframe imageframe-none imageframe-1 hover-type-none\"><img loading=\"lazy\" src=\"http:\/\/emafructidor.com\/ema\/wp-content\/uploads\/2019\/08\/conservatoire-chalon-partenaire-ecole-art-chalon-sur-sa\u00f4ne.png\" width=\"350\" height=\"197\" alt=\"\" title=\"conservatoire-chalon-partenaire-ecole-art-chalon-sur-sa\u00f4ne\" class=\"img-responsive wp-image-6921\" srcset=\"http:\/\/emafructidor.com\/ema\/wp-content\/uploads\/2019\/08\/conservatoire-chalon-partenaire-ecole-art-chalon-sur-sa\u00f4ne-200x113.png 200w, http:\/\/emafructidor.com\/ema\/wp-content\/uploads\/2019\/08\/conservatoire-chalon-partenaire-ecole-art-chalon-sur-sa\u00f4ne.png 350w\" sizes=\"(max-width: 800px) 100vw, 350px\" \/><\/span><\/div><div class=\"fusion-clearfix\"><\/div>\n\n\t\t\t\t\t<\/div>\n\t\t\t\t<\/div><div  class=\"fusion-layout-column fusion_builder_column fusion_builder_column_1_4  fusion-one-fourth 1_4\"  style='margin-top:0px;margin-bottom:20px;width:25%;width:calc(25% - ( ( 4% + 4% + 4% ) * 0.25 ) );margin-right: 4%;'>\n\t\t\t\t\t<div class=\"fusion-column-wrapper\" style=\"padding: 0px 0px 0px 0px;background-position:left top;background-repeat:no-repeat;-webkit-background-size:cover;-moz-background-size:cover;-o-background-size:cover;background-size:cover;\"  data-bg-url=\"\">\n\t\t\t\t\t\t<div class=\"imageframe-align-center\"><span class=\"fusion-imageframe imageframe-none imageframe-2 hover-type-none\"><img loading=\"lazy\" src=\"http:\/\/emafructidor.com\/ema\/wp-content\/uploads\/2019\/08\/chalon-dans-la-rue-partenaire-ecole-art-chalon-sur-sa\u00f4ne.png\" width=\"350\" height=\"197\" alt=\"\" title=\"chalon-dans-la-rue-partenaire-ecole-art-chalon-sur-sa\u00f4ne\" class=\"img-responsive wp-image-6920\" srcset=\"http:\/\/emafructidor.com\/ema\/wp-content\/uploads\/2019\/08\/chalon-dans-la-rue-partenaire-ecole-art-chalon-sur-sa\u00f4ne-200x113.png 200w, http:\/\/emafructidor.com\/ema\/wp-content\/uploads\/2019\/08\/chalon-dans-la-rue-partenaire-ecole-art-chalon-sur-sa\u00f4ne.png 350w\" sizes=\"(max-width: 800px) 100vw, 350px\" \/><\/span><\/div><div class=\"fusion-clearfix\"><\/div>\n\n\t\t\t\t\t<\/div>\n\t\t\t\t<\/div><div  class=\"fusion-layout-column fusion_builder_column fusion_builder_column_1_4  fusion-one-fourth fusion-column-last 1_4\"  style='margin-top:0px;margin-bottom:20px;width:25%;width:calc(25% - ( ( 4% + 4% + 4% ) * 0.25 ) );'>\n\t\t\t\t\t<div class=\"fusion-column-wrapper\" style=\"padding: 0px 0px 0px 0px;background-position:left top;background-repeat:no-repeat;-webkit-background-size:cover;-moz-background-size:cover;-o-background-size:cover;background-size:cover;\"  data-bg-url=\"\">\n\t\t\t\t\t\t<div class=\"imageframe-align-center\"><span class=\"fusion-imageframe imageframe-none imageframe-3 hover-type-none\"><img loading=\"lazy\" src=\"http:\/\/emafructidor.com\/ema\/wp-content\/uploads\/2019\/08\/iut-chalon-partenaire-ecole-art-chalon-sur-sa\u00f4ne.png\" width=\"350\" height=\"197\" alt=\"\" title=\"iut-chalon-partenaire-ecole-art-chalon-sur-sa\u00f4ne\" class=\"img-responsive wp-image-6923\" srcset=\"http:\/\/emafructidor.com\/ema\/wp-content\/uploads\/2019\/08\/iut-chalon-partenaire-ecole-art-chalon-sur-sa\u00f4ne-200x113.png 200w, http:\/\/emafructidor.com\/ema\/wp-content\/uploads\/2019\/08\/iut-chalon-partenaire-ecole-art-chalon-sur-sa\u00f4ne.png 350w\" sizes=\"(max-width: 800px) 100vw, 350px\" \/><\/span><\/div><div class=\"fusion-clearfix\"><\/div>\n\n\t\t\t\t\t<\/div>\n\t\t\t\t<\/div><div  class=\"fusion-layout-column fusion_builder_column fusion_builder_column_1_4  fusion-one-fourth fusion-column-first 1_4\"  style='margin-top:20px;margin-bottom:20px;width:25%;width:calc(25% - ( ( 4% + 4% + 4% ) * 0.25 ) );margin-right: 4%;'>\n\t\t\t\t\t<div class=\"fusion-column-wrapper\" style=\"padding: 0px 0px 0px 0px;background-position:left top;background-repeat:no-repeat;-webkit-background-size:cover;-moz-background-size:cover;-o-background-size:cover;background-size:cover;\"  data-bg-url=\"\">\n\t\t\t\t\t\t<div class=\"imageframe-align-center\"><span class=\"fusion-imageframe imageframe-none imageframe-4 hover-type-none\"><img loading=\"lazy\" src=\"http:\/\/emafructidor.com\/ema\/wp-content\/uploads\/2019\/08\/mus\u00e9e-nic\u00e9phore-ni\u00e8pce-partenaire-ecole-art-chalon-sur-sa\u00f4ne.png\" width=\"350\" height=\"197\" alt=\"\" title=\"mus\u00e9e-nic\u00e9phore-ni\u00e8pce-partenaire-ecole-art-chalon-sur-sa\u00f4ne\" class=\"img-responsive wp-image-6924\" srcset=\"http:\/\/emafructidor.com\/ema\/wp-content\/uploads\/2019\/08\/mus\u00e9e-nic\u00e9phore-ni\u00e8pce-partenaire-ecole-art-chalon-sur-sa\u00f4ne-200x113.png 200w, http:\/\/emafructidor.com\/ema\/wp-content\/uploads\/2019\/08\/mus\u00e9e-nic\u00e9phore-ni\u00e8pce-partenaire-ecole-art-chalon-sur-sa\u00f4ne.png 350w\" sizes=\"(max-width: 800px) 100vw, 350px\" \/><\/span><\/div><div class=\"fusion-clearfix\"><\/div>\n\n\t\t\t\t\t<\/div>\n\t\t\t\t<\/div><div  class=\"fusion-layout-column fusion_builder_column fusion_builder_column_1_4  fusion-one-fourth 1_4\"  style='margin-top:20px;margin-bottom:20px;width:25%;width:calc(25% - ( ( 4% + 4% + 4% ) * 0.25 ) );margin-right: 4%;'>\n\t\t\t\t\t<div class=\"fusion-column-wrapper\" style=\"padding: 0px 0px 0px 0px;background-position:left top;background-repeat:no-repeat;-webkit-background-size:cover;-moz-background-size:cover;-o-background-size:cover;background-size:cover;\"  data-bg-url=\"\">\n\t\t\t\t\t\t<div class=\"imageframe-align-center\"><span class=\"fusion-imageframe imageframe-none imageframe-5 hover-type-none\"><img loading=\"lazy\" src=\"http:\/\/emafructidor.com\/ema\/wp-content\/uploads\/2019\/08\/nic\u00e9phore-cit\u00e9-partenaire-ecole-art-chalon-sur-sa\u00f4ne.png\" width=\"350\" height=\"197\" alt=\"\" title=\"nic\u00e9phore-cit\u00e9-partenaire-ecole-art-chalon-sur-sa\u00f4ne\" class=\"img-responsive wp-image-6925\" srcset=\"http:\/\/emafructidor.com\/ema\/wp-content\/uploads\/2019\/08\/nic\u00e9phore-cit\u00e9-partenaire-ecole-art-chalon-sur-sa\u00f4ne-200x113.png 200w, http:\/\/emafructidor.com\/ema\/wp-content\/uploads\/2019\/08\/nic\u00e9phore-cit\u00e9-partenaire-ecole-art-chalon-sur-sa\u00f4ne.png 350w\" sizes=\"(max-width: 800px) 100vw, 350px\" \/><\/span><\/div><div class=\"fusion-clearfix\"><\/div>\n\n\t\t\t\t\t<\/div>\n\t\t\t\t<\/div><div  class=\"fusion-layout-column fusion_builder_column fusion_builder_column_1_4  fusion-one-fourth 1_4\"  style='margin-top:20px;margin-bottom:20px;width:25%;width:calc(25% - ( ( 4% + 4% + 4% ) * 0.25 ) );margin-right: 4%;'>\n\t\t\t\t\t<div class=\"fusion-column-wrapper\" style=\"padding: 0px 0px 0px 0px;background-position:left top;background-repeat:no-repeat;-webkit-background-size:cover;-moz-background-size:cover;-o-background-size:cover;background-size:cover;\"  data-bg-url=\"\">\n\t\t\t\t\t\t<div class=\"imageframe-align-center\"><span class=\"fusion-imageframe imageframe-none imageframe-6 hover-type-none\"><img loading=\"lazy\" src=\"http:\/\/emafructidor.com\/ema\/wp-content\/uploads\/2019\/08\/espace-des-arts-partenaire-ecole-art-chalon-sur-sa\u00f4ne.png\" width=\"350\" height=\"197\" alt=\"\" title=\"espace-des-arts-partenaire-ecole-art-chalon-sur-sa\u00f4ne\" class=\"img-responsive wp-image-6929\" srcset=\"http:\/\/emafructidor.com\/ema\/wp-content\/uploads\/2019\/08\/espace-des-arts-partenaire-ecole-art-chalon-sur-sa\u00f4ne-200x113.png 200w, http:\/\/emafructidor.com\/ema\/wp-content\/uploads\/2019\/08\/espace-des-arts-partenaire-ecole-art-chalon-sur-sa\u00f4ne.png 350w\" sizes=\"(max-width: 800px) 100vw, 350px\" \/><\/span><\/div><div class=\"fusion-clearfix\"><\/div>\n\n\t\t\t\t\t<\/div>\n\t\t\t\t<\/div><div  class=\"fusion-layout-column fusion_builder_column fusion_builder_column_1_4  fusion-one-fourth fusion-column-last 1_4\"  style='margin-top:20px;margin-bottom:20px;width:25%;width:calc(25% - ( ( 4% + 4% + 4% ) * 0.25 ) );'>\n\t\t\t\t\t<div class=\"fusion-column-wrapper\" style=\"padding: 0px 0px 0px 0px;background-position:left top;background-repeat:no-repeat;-webkit-background-size:cover;-moz-background-size:cover;-o-background-size:cover;background-size:cover;\"  data-bg-url=\"\">\n\t\t\t\t\t\t<div class=\"imageframe-align-center\"><span class=\"fusion-imageframe imageframe-none imageframe-7 hover-type-none\"><img loading=\"lazy\" src=\"http:\/\/emafructidor.com\/ema\/wp-content\/uploads\/2019\/08\/arts-et-metiers-paris-tech-partenaire-ecole-art-chalon-sur-sa\u00f4ne.png\" width=\"350\" height=\"197\" alt=\"\" title=\"arts-et-metiers-paris-tech-partenaire-ecole-art-chalon-sur-sa\u00f4ne\" class=\"img-responsive wp-image-6932\" srcset=\"http:\/\/emafructidor.com\/ema\/wp-content\/uploads\/2019\/08\/arts-et-metiers-paris-tech-partenaire-ecole-art-chalon-sur-sa\u00f4ne-200x113.png 200w, http:\/\/emafructidor.com\/ema\/wp-content\/uploads\/2019\/08\/arts-et-metiers-paris-tech-partenaire-ecole-art-chalon-sur-sa\u00f4ne.png 350w\" sizes=\"(max-width: 800px) 100vw, 350px\" \/><\/span><\/div><div class=\"fusion-clearfix\"><\/div>\n\n\t\t\t\t\t<\/div>\n\t\t\t\t<\/div><div  class=\"fusion-layout-column fusion_builder_column fusion_builder_column_1_4  fusion-one-fourth fusion-column-first 1_4\"  style='margin-top:20px;margin-bottom:20px;width:25%;width:calc(25% - ( ( 4% + 4% + 4% ) * 0.25 ) );margin-right: 4%;'>\n\t\t\t\t\t<div class=\"fusion-column-wrapper\" style=\"padding: 0px 0px 0px 0px;background-position:left top;background-repeat:no-repeat;-webkit-background-size:cover;-moz-background-size:cover;-o-background-size:cover;background-size:cover;\"  data-bg-url=\"\">\n\t\t\t\t\t\t<div class=\"imageframe-align-center\"><span class=\"fusion-imageframe imageframe-none imageframe-8 hover-type-none\"><img loading=\"lazy\" src=\"http:\/\/emafructidor.com\/ema\/wp-content\/uploads\/2019\/08\/p\u00e9niche-partenaire-ecole-art-chalon-sur-sa\u00f4ne.png\" width=\"350\" height=\"197\" alt=\"\" title=\"p\u00e9niche-partenaire-ecole-art-chalon-sur-sa\u00f4ne\" class=\"img-responsive wp-image-6936\" srcset=\"http:\/\/emafructidor.com\/ema\/wp-content\/uploads\/2019\/08\/p\u00e9niche-partenaire-ecole-art-chalon-sur-sa\u00f4ne-200x113.png 200w, http:\/\/emafructidor.com\/ema\/wp-content\/uploads\/2019\/08\/p\u00e9niche-partenaire-ecole-art-chalon-sur-sa\u00f4ne.png 350w\" sizes=\"(max-width: 800px) 100vw, 350px\" \/><\/span><\/div><div class=\"fusion-clearfix\"><\/div>\n\n\t\t\t\t\t<\/div>\n\t\t\t\t<\/div><div  class=\"fusion-layout-column fusion_builder_column fusion_builder_column_1_4  fusion-one-fourth 1_4\"  style='margin-top:20px;margin-bottom:20px;width:25%;width:calc(25% - ( ( 4% + 4% + 4% ) * 0.25 ) );margin-right: 4%;'>\n\t\t\t\t\t<div class=\"fusion-column-wrapper\" style=\"padding: 0px 0px 0px 0px;background-position:left top;background-repeat:no-repeat;-webkit-background-size:cover;-moz-background-size:cover;-o-background-size:cover;background-size:cover;\"  data-bg-url=\"\">\n\t\t\t\t\t\t<div class=\"imageframe-align-center\"><span class=\"fusion-imageframe imageframe-none imageframe-9 hover-type-none\"><img loading=\"lazy\" src=\"http:\/\/emafructidor.com\/ema\/wp-content\/uploads\/2019\/08\/cifa-mercurey-partenaire-ecole-art-chalon-sur-sa\u00f4ne.png\" width=\"350\" height=\"197\" alt=\"\" title=\"cifa-mercurey-partenaire-ecole-art-chalon-sur-sa\u00f4ne\" class=\"img-responsive wp-image-6940\" srcset=\"http:\/\/emafructidor.com\/ema\/wp-content\/uploads\/2019\/08\/cifa-mercurey-partenaire-ecole-art-chalon-sur-sa\u00f4ne-200x113.png 200w, http:\/\/emafructidor.com\/ema\/wp-content\/uploads\/2019\/08\/cifa-mercurey-partenaire-ecole-art-chalon-sur-sa\u00f4ne.png 350w\" sizes=\"(max-width: 800px) 100vw, 350px\" \/><\/span><\/div><div class=\"fusion-clearfix\"><\/div>\n\n\t\t\t\t\t<\/div>\n\t\t\t\t<\/div><div  class=\"fusion-layout-column fusion_builder_column fusion_builder_column_1_4  fusion-one-fourth 1_4\"  style='margin-top:20px;margin-bottom:20px;width:25%;width:calc(25% - ( ( 4% + 4% + 4% ) * 0.25 ) );margin-right: 4%;'>\n\t\t\t\t\t<div class=\"fusion-column-wrapper\" style=\"padding: 0px 0px 0px 0px;background-position:left top;background-repeat:no-repeat;-webkit-background-size:cover;-moz-background-size:cover;-o-background-size:cover;background-size:cover;\"  data-bg-url=\"\">\n\t\t\t\t\t\t<div class=\"imageframe-align-center\"><span class=\"fusion-imageframe imageframe-none imageframe-10 hover-type-none\"><img loading=\"lazy\" src=\"http:\/\/emafructidor.com\/ema\/wp-content\/uploads\/2019\/08\/CNAM-partenaire-ecole-art-chalon-sur-sa\u00f4ne.png\" width=\"350\" height=\"197\" alt=\"\" title=\"CNAM-partenaire-ecole-art-chalon-sur-sa\u00f4ne\" class=\"img-responsive wp-image-6944\" srcset=\"http:\/\/emafructidor.com\/ema\/wp-content\/uploads\/2019\/08\/CNAM-partenaire-ecole-art-chalon-sur-sa\u00f4ne-200x113.png 200w, http:\/\/emafructidor.com\/ema\/wp-content\/uploads\/2019\/08\/CNAM-partenaire-ecole-art-chalon-sur-sa\u00f4ne.png 350w\" sizes=\"(max-width: 800px) 100vw, 350px\" \/><\/span><\/div><div class=\"fusion-clearfix\"><\/div>\n\n\t\t\t\t\t<\/div>\n\t\t\t\t<\/div><div  class=\"fusion-layout-column fusion_builder_column fusion_builder_column_1_4  fusion-one-fourth fusion-column-last 1_4\"  style='margin-top:20px;margin-bottom:20px;width:25%;width:calc(25% - ( ( 4% + 4% + 4% ) * 0.25 ) );'>\n\t\t\t\t\t<div class=\"fusion-column-wrapper\" style=\"padding: 0px 0px 0px 0px;background-position:left top;background-repeat:no-repeat;-webkit-background-size:cover;-moz-background-size:cover;-o-background-size:cover;background-size:cover;\"  data-bg-url=\"\">\n\t\t\t\t\t\t<div class=\"imageframe-align-center\"><span class=\"fusion-imageframe imageframe-none imageframe-11 hover-type-none\"><img loading=\"lazy\" src=\"http:\/\/emafructidor.com\/ema\/wp-content\/uploads\/2019\/08\/la-bobine-partenaire-ecole-art-chalon-sur-sa\u00f4ne.png\" width=\"350\" height=\"197\" alt=\"\" title=\"la-bobine-partenaire-ecole-art-chalon-sur-sa\u00f4ne\" class=\"img-responsive wp-image-6938\" srcset=\"http:\/\/emafructidor.com\/ema\/wp-content\/uploads\/2019\/08\/la-bobine-partenaire-ecole-art-chalon-sur-sa\u00f4ne-200x113.png 200w, http:\/\/emafructidor.com\/ema\/wp-content\/uploads\/2019\/08\/la-bobine-partenaire-ecole-art-chalon-sur-sa\u00f4ne.png 350w\" sizes=\"(max-width: 800px) 100vw, 350px\" \/><\/span><\/div><div class=\"fusion-clearfix\"><\/div>\n\n\t\t\t\t\t<\/div>\n\t\t\t\t<\/div><div  class=\"fusion-layout-column fusion_builder_column fusion_builder_column_1_4  fusion-one-fourth fusion-column-first 1_4\"  style='margin-top:0px;margin-bottom:20px;width:25%;width:calc(25% - ( ( 4% ) * 0.25 ) );margin-right: 4%;'>\n\t\t\t\t\t<div class=\"fusion-column-wrapper\" style=\"background-position:left top;background-repeat:no-repeat;-webkit-background-size:cover;-moz-background-size:cover;-o-background-size:cover;background-size:cover;\"  data-bg-url=\"\">\n\t\t\t\t\t\t<div class=\"imageframe-align-center\"><span class=\"fusion-imageframe imageframe-none imageframe-12 hover-type-none\"><img loading=\"lazy\" src=\"http:\/\/emafructidor.com\/ema\/wp-content\/uploads\/2024\/11\/logo_sm.png\" width=\"150\" height=\"170\" alt=\"\" title=\"logo_sm\" class=\"img-responsive wp-image-10072\"\/><\/span><\/div><div class=\"fusion-clearfix\"><\/div>\n\n\t\t\t\t\t<\/div>\n\t\t\t\t<\/div><div  class=\"fusion-layout-column fusion_builder_column fusion_builder_column_1_4  fusion-one-fourth fusion-column-last 1_4\"  style='margin-top:0px;margin-bottom:20px;width:25%;width:calc(25% - ( ( 4% ) * 0.25 ) );'>\n\t\t\t\t\t<div class=\"fusion-column-wrapper\" style=\"background-position:left top;background-repeat:no-repeat;-webkit-background-size:cover;-moz-background-size:cover;-o-background-size:cover;background-size:cover;\"  data-bg-url=\"\">\n\t\t\t\t\t\t<div class=\"imageframe-align-center\"><span class=\"fusion-imageframe imageframe-none imageframe-13 hover-type-none\"><img loading=\"lazy\" src=\"http:\/\/emafructidor.com\/ema\/wp-content\/uploads\/2024\/11\/Logo-UNISOAP-carre\u0301-Couleur-site.png\" width=\"248\" height=\"197\" alt=\"\" title=\"Logo UNISOAP carre\u0301 &#8211; Couleur-site\" class=\"img-responsive wp-image-10071\" srcset=\"http:\/\/emafructidor.com\/ema\/wp-content\/uploads\/2024\/11\/Logo-UNISOAP-carre\u0301-Couleur-site-200x159.png 200w, http:\/\/emafructidor.com\/ema\/wp-content\/uploads\/2024\/11\/Logo-UNISOAP-carre\u0301-Couleur-site.png 248w\" sizes=\"(max-width: 800px) 100vw, 248px\" \/><\/span><\/div><div class=\"fusion-clearfix\"><\/div>\n\n\t\t\t\t\t<\/div>\n\t\t\t\t<\/div><\/div><\/div><\/p>\n","protected":false},"excerpt":{"rendered":"","protected":false},"author":9,"featured_media":0,"parent":1045,"menu_order":5,"comment_status":"open","ping_status":"open","template":"100-width.php","meta":{"ngg_post_thumbnail":0},"_links":{"self":[{"href":"http:\/\/emafructidor.com\/ema\/wp-json\/wp\/v2\/pages\/1064"}],"collection":[{"href":"http:\/\/emafructidor.com\/ema\/wp-json\/wp\/v2\/pages"}],"about":[{"href":"http:\/\/emafructidor.com\/ema\/wp-json\/wp\/v2\/types\/page"}],"author":[{"embeddable":true,"href":"http:\/\/emafructidor.com\/ema\/wp-json\/wp\/v2\/users\/9"}],"replies":[{"embeddable":true,"href":"http:\/\/emafructidor.com\/ema\/wp-json\/wp\/v2\/comments?post=1064"}],"version-history":[{"count":36,"href":"http:\/\/emafructidor.com\/ema\/wp-json\/wp\/v2\/pages\/1064\/revisions"}],"predecessor-version":[{"id":10073,"href":"http:\/\/emafructidor.com\/ema\/wp-json\/wp\/v2\/pages\/1064\/revisions\/10073"}],"up":[{"embeddable":true,"href":"http:\/\/emafructidor.com\/ema\/wp-json\/wp\/v2\/pages\/1045"}],"wp:attachment":[{"href":"http:\/\/emafructidor.com\/ema\/wp-json\/wp\/v2\/media?parent=1064"}],"curies":[{"name":"wp","href":"https:\/\/api.w.org\/{rel}","templated":true}]}}