{"id":1077,"date":"2015-12-08T11:51:13","date_gmt":"2015-12-08T10:51:19","guid":{"rendered":"http:\/\/emafructidor.com\/ema\/enseignement-superieur\/vie-etudiante\/bibliotheque\/"},"modified":"2025-10-15T10:47:48","modified_gmt":"2025-10-15T09:47:48","slug":"bibliotheque","status":"publish","type":"page","link":"http:\/\/emafructidor.com\/ema\/espace-etudiant\/bibliotheque\/","title":{"rendered":"Biblioth\u00e8que"},"content":{"rendered":"<div class=\"fusion-fullwidth fullwidth-box nonhundred-percent-fullwidth non-hundred-percent-height-scrolling\"  style='background-color: #ffffff;background-position: center center;background-repeat: no-repeat;padding-top:0px;padding-right:0px;padding-bottom:0px;padding-left:0px;'><div class=\"fusion-builder-row fusion-row \"><div  class=\"fusion-layout-column fusion_builder_column fusion_builder_column_2_3  fusion-two-third fusion-column-first 2_3\"  style='margin-top:0px;margin-bottom:20px;width:66.66%;width:calc(66.66% - ( ( 4% ) * 0.6666 ) );margin-right: 4%;'>\n\t\t\t\t\t<div class=\"fusion-column-wrapper\" style=\"background-position:left top;background-repeat:no-repeat;-webkit-background-size:cover;-moz-background-size:cover;-o-background-size:cover;background-size:cover;\"  data-bg-url=\"\">\n\t\t\t\t\t\t<div class=\"fusion-text\"><h2><strong>BIBLIOTH\u00c8QUE<\/strong><\/h2>\n<\/div><div class=\"fusion-text\"><p align=\"justify\"><span style=\"color: #000000;\">La biblioth\u00e8que est un espace p\u00e9dagogique \u00e0 part enti\u00e8re de l\u2019\u00e9cole, en lien direct avec les enseignements d\u00e9livr\u00e9s au cours des cycles d\u2019\u00e9tudes. Vous y trouverez des ouvrages de r\u00e9f\u00e9rence sur l\u2019histoire de l\u2019art, la cr\u00e9ation contemporaine, les disciplines et techniques, les sciences humaines et sociales, mais aussi un ensemble de revues sp\u00e9cialis\u00e9es en art. Le travail en r\u00e9seau avec d\u2019autres structures &#8211; r\u00e9seau Bear, biblioth\u00e8que des mus\u00e9es et biblioth\u00e8que municipale de Chalon-sur-Sa\u00f4ne &#8211; permet de compl\u00e9ter l\u2019offre documentaire.<\/span><\/p>\n<p align=\"justify\"><span style=\"color: #000000;\">Ouverte tous les jours de la semaine, vous pouvez consulter librement ou demander un accompagnement dans vos recherches.<\/span><br \/>\n<b><\/b><\/p>\n<p align=\"justify\"><span style=\"color: #000000;\"><b>La biblioth\u00e8que est ouverte \u00e0 tous&nbsp; et toutes pour la consultation sur place.<\/b><\/span><\/p>\n<p align=\"justify\"><span style=\"color: #000000;\"><b>Le pr\u00eat est r\u00e9serv\u00e9 aux \u00e9tudiants et enseignants de l\u2019\u00e9cole.<\/b><\/span><\/p>\n<p style=\"text-align: center;\">&nbsp;<\/p>\n<p>&nbsp;<\/p>\n<\/div><div class=\"fusion-clearfix\"><\/div>\n\n\t\t\t\t\t<\/div>\n\t\t\t\t<\/div><div  class=\"fusion-layout-column fusion_builder_column fusion_builder_column_1_3  fusion-one-third fusion-column-last 1_3\"  style='margin-top:0px;margin-bottom:20px;width:33.33%;width:calc(33.33% - ( ( 4% ) * 0.3333 ) );'>\n\t\t\t\t\t<div class=\"fusion-column-wrapper\" style=\"background-position:left top;background-repeat:no-repeat;-webkit-background-size:cover;-moz-background-size:cover;-o-background-size:cover;background-size:cover;\"  data-bg-url=\"\">\n\t\t\t\t\t\t<div class=\"fusion-text\"><h3 style=\"text-align: center;\"><span style=\"color: #000000;\"><strong>HORAIRES D\u2019OUVERTURE<\/strong><\/span><\/h3>\n<p style=\"text-align: center;\"><span style=\"color: #000000;\">LUNDI 9:00 &#8211; 13:00 \/ 14:00 &#8211; 16:30<\/span><\/p>\n<p style=\"text-align: center;\"><span style=\"color: #000000;\"> MARDI 9:00 &#8211; 13:00 \/ 14:00 &#8211; 19:00<\/span><\/p>\n<p style=\"text-align: center;\"><span style=\"color: #000000;\">MERCREDI 9:00 &#8211; 13:00 \/ 14:00 &#8211; 17:30<\/span><\/p>\n<p style=\"text-align: center;\"><span style=\"color: #000000;\">JEUDI <\/span><span style=\"color: #000000;\">13:00 &#8211; 19:00<\/span><\/p>\n<p style=\"text-align: center;\"><span style=\"color: #000000;\">VENDREDI 10<\/span><span style=\"color: #000000;\">:00 &#8211; 13:00 \/ 14:00 &#8211; 17:30<\/span><\/p>\n<\/div><div class=\"fusion-clearfix\"><\/div>\n\n\t\t\t\t\t<\/div>\n\t\t\t\t<\/div><div  class=\"fusion-layout-column fusion_builder_column fusion_builder_column_1_1  fusion-one-full fusion-column-first fusion-column-last 1_1\"  style='margin-top:0px;margin-bottom:20px;'>\n\t\t\t\t\t<div class=\"fusion-column-wrapper\" style=\"background-position:left top;background-repeat:no-repeat;-webkit-background-size:cover;-moz-background-size:cover;-o-background-size:cover;background-size:cover;\"  data-bg-url=\"\">\n\t\t\t\t\t\t<div class=\"fusion-clearfix\"><\/div>\n\n\t\t\t\t\t<\/div>\n\t\t\t\t<\/div><\/div><\/div>\n","protected":false},"excerpt":{"rendered":"","protected":false},"author":9,"featured_media":0,"parent":4074,"menu_order":1,"comment_status":"open","ping_status":"open","template":"","meta":{"ngg_post_thumbnail":0},"_links":{"self":[{"href":"http:\/\/emafructidor.com\/ema\/wp-json\/wp\/v2\/pages\/1077"}],"collection":[{"href":"http:\/\/emafructidor.com\/ema\/wp-json\/wp\/v2\/pages"}],"about":[{"href":"http:\/\/emafructidor.com\/ema\/wp-json\/wp\/v2\/types\/page"}],"author":[{"embeddable":true,"href":"http:\/\/emafructidor.com\/ema\/wp-json\/wp\/v2\/users\/9"}],"replies":[{"embeddable":true,"href":"http:\/\/emafructidor.com\/ema\/wp-json\/wp\/v2\/comments?post=1077"}],"version-history":[{"count":23,"href":"http:\/\/emafructidor.com\/ema\/wp-json\/wp\/v2\/pages\/1077\/revisions"}],"predecessor-version":[{"id":11314,"href":"http:\/\/emafructidor.com\/ema\/wp-json\/wp\/v2\/pages\/1077\/revisions\/11314"}],"up":[{"embeddable":true,"href":"http:\/\/emafructidor.com\/ema\/wp-json\/wp\/v2\/pages\/4074"}],"wp:attachment":[{"href":"http:\/\/emafructidor.com\/ema\/wp-json\/wp\/v2\/media?parent=1077"}],"curies":[{"name":"wp","href":"https:\/\/api.w.org\/{rel}","templated":true}]}}