{"id":4211,"date":"2017-12-06T14:23:34","date_gmt":"2017-12-06T13:23:34","guid":{"rendered":"http:\/\/emafructidor.com\/ema\/?page_id=4211"},"modified":"2018-01-15T13:30:48","modified_gmt":"2018-01-15T12:30:48","slug":"sejour-a-londres","status":"publish","type":"page","link":"http:\/\/emafructidor.com\/ema\/archives\/sejour-a-londres\/","title":{"rendered":"S\u00e9jour \u00e0 Londres"},"content":{"rendered":"<p>SEJOUR A LONDRES<br \/>\nDurant l\u2019ann\u00e9e universitaire 2016-2017, les \u00e9tudiants de 2\u00e8me ann\u00e9e (DEMA2) se sont rendus \u00e0 Londres dans le cadre d\u2019un d\u00e9placement p\u00e9dagogique, du 10 au 14 avril 2017, encadr\u00e9s de leurs enseignants r\u00e9f\u00e9rents (Jean-Fran\u00e7ois BRUN, Sara LORD, Allison CHARBONNOT-REED).<\/p>\n<p>Visites de mus\u00e9es, expositions : ce s\u00e9jour a nourri le travail des \u00e9tudiants qui ont pu r\u00e9aliser de nouveaux enregistrements sonores, des photographies et travailler sur l\u2019\u00e9criture de textes.<\/p>\n<p>&nbsp;Illustrations de leur s\u00e9jour londonien :<\/p>\n<p><a href=\"https:\/\/frucnchips.tumblr.com\/\">https:\/\/frucnchips.tumblr.com\/<\/a><\/p>\n","protected":false},"excerpt":{"rendered":"<p>SEJOUR A LONDRES Durant l\u2019ann\u00e9e universitaire 2016-2017, les \u00e9tudiants de [&hellip;]<\/p>\n","protected":false},"author":9,"featured_media":0,"parent":4208,"menu_order":0,"comment_status":"closed","ping_status":"closed","template":"","meta":{"ngg_post_thumbnail":0},"_links":{"self":[{"href":"http:\/\/emafructidor.com\/ema\/wp-json\/wp\/v2\/pages\/4211"}],"collection":[{"href":"http:\/\/emafructidor.com\/ema\/wp-json\/wp\/v2\/pages"}],"about":[{"href":"http:\/\/emafructidor.com\/ema\/wp-json\/wp\/v2\/types\/page"}],"author":[{"embeddable":true,"href":"http:\/\/emafructidor.com\/ema\/wp-json\/wp\/v2\/users\/9"}],"replies":[{"embeddable":true,"href":"http:\/\/emafructidor.com\/ema\/wp-json\/wp\/v2\/comments?post=4211"}],"version-history":[{"count":1,"href":"http:\/\/emafructidor.com\/ema\/wp-json\/wp\/v2\/pages\/4211\/revisions"}],"predecessor-version":[{"id":4212,"href":"http:\/\/emafructidor.com\/ema\/wp-json\/wp\/v2\/pages\/4211\/revisions\/4212"}],"up":[{"embeddable":true,"href":"http:\/\/emafructidor.com\/ema\/wp-json\/wp\/v2\/pages\/4208"}],"wp:attachment":[{"href":"http:\/\/emafructidor.com\/ema\/wp-json\/wp\/v2\/media?parent=4211"}],"curies":[{"name":"wp","href":"https:\/\/api.w.org\/{rel}","templated":true}]}}