{"id":6694,"date":"2019-05-23T13:33:59","date_gmt":"2019-05-23T12:33:59","guid":{"rendered":"http:\/\/emafructidor.com\/ema\/?page_id=6694"},"modified":"2025-03-20T12:37:26","modified_gmt":"2025-03-20T11:37:26","slug":"en-cours-de-cursus","status":"publish","type":"page","link":"http:\/\/emafructidor.com\/ema\/en-cours-de-cursus\/","title":{"rendered":"En cours de cursus"},"content":{"rendered":"<p><div class=\"fusion-fullwidth fullwidth-box nonhundred-percent-fullwidth non-hundred-percent-height-scrolling\"  style='background-color: #ffffff;background-position: center center;background-repeat: no-repeat;padding-top:0px;padding-right:0px;padding-bottom:0px;padding-left:0px;'><div class=\"fusion-builder-row fusion-row \"><div  class=\"fusion-layout-column fusion_builder_column fusion_builder_column_1_1  fusion-one-full fusion-column-first fusion-column-last 1_1\"  style='margin-top:0px;margin-bottom:20px;'>\n\t\t\t\t\t<div class=\"fusion-column-wrapper\" style=\"background-position:left top;background-repeat:no-repeat;-webkit-background-size:cover;-moz-background-size:cover;-o-background-size:cover;background-size:cover;\"  data-bg-url=\"\">\n\t\t\t\t\t\t<div class=\"fusion-text\"><h2 style=\"text-align: left;\">Inscription en cours de cursus |<\/h2>\n<\/div><div class=\"fusion-clearfix\"><\/div>\n\n\t\t\t\t\t<\/div>\n\t\t\t\t<\/div><div  class=\"fusion-layout-column fusion_builder_column fusion_builder_column_1_1  fusion-one-full fusion-column-first fusion-column-last 1_1\"  style='margin-top:0px;margin-bottom:20px;'>\n\t\t\t\t\t<div class=\"fusion-column-wrapper\" style=\"background-position:left top;background-repeat:no-repeat;-webkit-background-size:cover;-moz-background-size:cover;-o-background-size:cover;background-size:cover;\"  data-bg-url=\"\">\n\t\t\t\t\t\t<div class=\"fusion-text\"><p><span style=\"color: #000000;\">Il est possible d\u2019int\u00e9grer l\u2019\u00e9cole media art du Grand Chalon en cours de cursus. Pour ce faire les candidats devront justifier de l\u2019obtention de :<\/span><\/p>\n<ul>\n<li><span style=\"color: #000000;\">120 cr\u00e9dits pour une entr\u00e9e en 3<sup>e<\/sup> ann\u00e9e&nbsp;;<\/span><\/li>\n<li><span style=\"color: #000000;\">180 cr\u00e9dits pour une entr\u00e9e en 4<sup>e<\/sup> ann\u00e9e&nbsp;;<\/span><\/li>\n<li><span style=\"color: #000000;\">240 cr\u00e9dits pour une entr\u00e9e en 5<sup>e<\/sup> ann\u00e9e.<\/span><\/li>\n<\/ul>\n<p><span style=\"color: #000000;\">Ces cr\u00e9dits doivent avoir \u00e9t\u00e9 acquis dans des \u00e9tablissements d\u2019enseignement sup\u00e9rieur publics ou priv\u00e9s dont le cycle d\u2019\u00e9tudes a \u00e9t\u00e9 reconnu par l\u2019Etat. Les cr\u00e9dits acquis \u00e0 l\u2019\u00e9tranger feront l\u2019objet d\u2019un contr\u00f4le de comparabilit\u00e9 avec les dipl\u00f4mes fran\u00e7ais.<\/span><\/p>\n<p><span style=\"color: #000000;\"><strong>&nbsp;L&rsquo;e|m|a n&rsquo;accueillera pas d&rsquo;\u00e9tudiants en 2<sup>e<\/sup> ann\u00e9e de D.N.A en 2025-2026.<\/strong><\/span><\/p>\n<p><span style=\"color: #000000;\">Pour toute demande d&rsquo;information, \u00e9crivez nous \u00e0 <a style=\"color: #000000;\" href=\"mailto:etudes@emafructidor.com\">etudes@emafructidor.com<\/a>.&nbsp;<\/span><\/p>\n<\/div><div class=\"fusion-clearfix\"><\/div>\n\n\t\t\t\t\t<\/div>\n\t\t\t\t<\/div><\/div><\/div><div class=\"fusion-fullwidth fullwidth-box nonhundred-percent-fullwidth non-hundred-percent-height-scrolling\"  style='background-color: #ffffff;background-position: center center;background-repeat: no-repeat;padding-top:0px;padding-right:0px;padding-bottom:0px;padding-left:0px;'><div class=\"fusion-builder-row fusion-row \"><div  class=\"fusion-layout-column fusion_builder_column fusion_builder_column_1_2  fusion-one-half fusion-column-first 1_2\"  style='margin-top:0px;margin-bottom:20px;width:50%;width:calc(50% - ( ( 4% ) * 0.5 ) );margin-right: 4%;'>\n\t\t\t\t\t<div class=\"fusion-column-wrapper\" style=\"background-position:left top;background-repeat:no-repeat;-webkit-background-size:cover;-moz-background-size:cover;-o-background-size:cover;background-size:cover;\"  data-bg-url=\"\">\n\t\t\t\t\t\t<div class=\"fusion-title title sep-underline sep-dashed fusion-title-center fusion-title-size-three\" style=\"border-bottom-color:#e0dede;margin-top:0px;margin-bottom:31px;\"><h3 class=\"title-heading-center\"><h3 style=\"text-align: left;\"><span style=\"color: #000000;\"><strong>\u00c9tape 1 : L&rsquo;inscription<\/strong><\/span><\/h3><\/h3><\/div><div class=\"fusion-text\"><p><span style=\"color: #000000;\">Avant le 1<sup>er<\/sup> juin 2025 minuit,&nbsp; les candidats int\u00e9ress\u00e9s devront <strong>adresser un dossier d&rsquo;inscription <\/strong>administrative et un dossier de candidature par,<strong> par mail <\/strong>\u00e0 l&rsquo;adresse suivante : <a style=\"color: #000000;\" href=\"mailto:etudes@emafructidor.com\">etudes@emafructidor.com<\/a><\/span><\/p>\n<p style=\"text-align: center;\">&nbsp;<\/p>\n<p><span style=\"color: #000000;\">Le dossier d&rsquo;inscription est compos\u00e9 de :<\/span><\/p>\n<ul>\n<li><span style=\"color: #000000;\">la fiche d&rsquo;information accessible <em><strong><a style=\"color: #000000;\" href=\"http:\/\/emafructidor.com\/ema\/wp-content\/uploads\/2025\/02\/Equivalences2025-2026_FicheInscription.pdf\" target=\"_blank\" rel=\"noopener\">ici<\/a><\/strong><\/em>, compl\u00e9t\u00e9e<\/span><\/li>\n<li><span style=\"color: #000000;\">la copie d\u2019une pi\u00e8ce d\u2019identit\u00e9 en cours de validit\u00e9 (CNI, passeport)<\/span><\/li>\n<li><span style=\"color: #000000;\">1 photo d\u2019identit\u00e9 (nom et pr\u00e9nom au dos)<\/span><\/li>\n<li><span style=\"color: #000000;\">une lettre d&rsquo;intention (2 pages maximum)<\/span><\/li>\n<li><span style=\"color: #000000;\">un Curriculum Vitae<\/span><\/li>\n<li><span style=\"color: #000000;\">les copies des dipl\u00f4mes obtenus<\/span><\/li>\n<li><span style=\"color: #000000;\">un certificat de scolarit\u00e9 2024-2025 si une inscription est en cours dans un \u00e9tablissement d\u2019enseignement sup\u00e9rieur<\/span><\/li>\n<\/ul>\n<p><span style=\"color: #000000;\">Les droits&nbsp;d\u2019inscription devront \u00eatre r\u00e9gl\u00e9s le jour de l&rsquo;entretien, sur place, par ch\u00e8que, par carte bancaire ou en esp\u00e8ces.&nbsp;<\/span><\/p>\n<p>&nbsp;<\/p>\n<\/div><div class=\"fusion-clearfix\"><\/div>\n\n\t\t\t\t\t<\/div>\n\t\t\t\t<\/div><div  class=\"fusion-layout-column fusion_builder_column fusion_builder_column_1_2  fusion-one-half fusion-column-last 1_2\"  style='margin-top:0px;margin-bottom:20px;width:50%;width:calc(50% - ( ( 4% ) * 0.5 ) );'>\n\t\t\t\t\t<div class=\"fusion-column-wrapper\" style=\"padding: 0px 0px 0px 0px;background-position:left top;background-repeat:no-repeat;-webkit-background-size:cover;-moz-background-size:cover;-o-background-size:cover;background-size:cover;\"  data-bg-url=\"\">\n\t\t\t\t\t\t<div class=\"fusion-title title sep-underline sep-dashed fusion-title-center fusion-title-size-three\" style=\"border-bottom-color:#e0dede;margin-top:0px;margin-bottom:31px;\"><h3 class=\"title-heading-center\"><h3 style=\"text-align: left;\"><span style=\"color: #000000;\">\u00c9tape 2 : Les \u00e9preuves<\/span><\/h3><\/h3><\/div><div class=\"fusion-text\"><p><span style=\"color: #000000;\">En juin-juillet 2025 (dates pr\u00e9cis\u00e9es apr\u00e8s la cl\u00f4ture des inscriptions), un entretien de 15 \u00e0 20 minutes avec une commission constitu\u00e9e du responsable<\/span><br \/><span style=\"color: #000000;\">de la formation, de deux ou trois enseignants et de la directrice de l\u2019\u00e9tablissement ou de son repr\u00e9sentant.<\/span><\/p>\n<p><span style=\"color: #000000;\">Le jour de l&rsquo;entretien, les candidats devront se munir de leur dossier artistique personnel, sans l\u2019envoyer au pr\u00e9alable.<\/span><br \/><span style=\"color: #000000;\">Les candidats ont \u00e9galement la possibilit\u00e9 de pr\u00e9senter une s\u00e9lection de travaux qu&rsquo;ils ont r\u00e9alis\u00e9s : dessins, peintures, photographies, sculptures, vid\u00e9os, etc.<\/span><\/p>\n<\/div><div class=\"fusion-clearfix\"><\/div>\n\n\t\t\t\t\t<\/div>\n\t\t\t\t<\/div><\/div><\/div><div class=\"fusion-fullwidth fullwidth-box nonhundred-percent-fullwidth non-hundred-percent-height-scrolling\"  style='background-color: #ffffff;background-position: center center;background-repeat: no-repeat;padding-top:0px;padding-right:0px;padding-bottom:0px;padding-left:0px;'><div class=\"fusion-builder-row fusion-row \"><div  class=\"fusion-layout-column fusion_builder_column fusion_builder_column_1_1  fusion-one-full fusion-column-first fusion-column-last 1_1\"  style='margin-top:0px;margin-bottom:20px;'>\n\t\t\t\t\t<div class=\"fusion-column-wrapper\" style=\"padding: 0px 0px 0px 0px;background-position:left top;background-repeat:no-repeat;-webkit-background-size:cover;-moz-background-size:cover;-o-background-size:cover;background-size:cover;\"  data-bg-url=\"\">\n\t\t\t\t\t\t<div class=\"fusion-text\"><p><strong>NOTA BENE&nbsp;:<\/strong><\/p>\n<ul>\n<li>Les candidats non francophones devront faire la preuve d\u2019une ma\u00eetrise suffisante de la langue fran\u00e7aise et produire un test de connaissance du fran\u00e7ais (TCF) de niveau B2 minimum d\u00e9livr\u00e9 par un \u00e9tablissement habilit\u00e9 par le minist\u00e8re de la Culture.<\/li>\n<\/ul>\n<\/div><div class=\"fusion-clearfix\"><\/div>\n\n\t\t\t\t\t<\/div>\n\t\t\t\t<\/div><\/div><\/div><\/p>\n","protected":false},"excerpt":{"rendered":"","protected":false},"author":9,"featured_media":0,"parent":0,"menu_order":0,"comment_status":"closed","ping_status":"closed","template":"","meta":{"ngg_post_thumbnail":0},"_links":{"self":[{"href":"http:\/\/emafructidor.com\/ema\/wp-json\/wp\/v2\/pages\/6694"}],"collection":[{"href":"http:\/\/emafructidor.com\/ema\/wp-json\/wp\/v2\/pages"}],"about":[{"href":"http:\/\/emafructidor.com\/ema\/wp-json\/wp\/v2\/types\/page"}],"author":[{"embeddable":true,"href":"http:\/\/emafructidor.com\/ema\/wp-json\/wp\/v2\/users\/9"}],"replies":[{"embeddable":true,"href":"http:\/\/emafructidor.com\/ema\/wp-json\/wp\/v2\/comments?post=6694"}],"version-history":[{"count":67,"href":"http:\/\/emafructidor.com\/ema\/wp-json\/wp\/v2\/pages\/6694\/revisions"}],"predecessor-version":[{"id":10422,"href":"http:\/\/emafructidor.com\/ema\/wp-json\/wp\/v2\/pages\/6694\/revisions\/10422"}],"wp:attachment":[{"href":"http:\/\/emafructidor.com\/ema\/wp-json\/wp\/v2\/media?parent=6694"}],"curies":[{"name":"wp","href":"https:\/\/api.w.org\/{rel}","templated":true}]}}