{"id":7318,"date":"2020-01-07T14:08:20","date_gmt":"2020-01-07T13:08:20","guid":{"rendered":"http:\/\/emafructidor.com\/ema\/?page_id=7318"},"modified":"2025-02-25T16:08:55","modified_gmt":"2025-02-25T15:08:55","slug":"en-premiere-annee","status":"publish","type":"page","link":"http:\/\/emafructidor.com\/ema\/en-premiere-annee\/","title":{"rendered":"En premi\u00e8re ann\u00e9e"},"content":{"rendered":"<p><div class=\"fusion-fullwidth fullwidth-box nonhundred-percent-fullwidth non-hundred-percent-height-scrolling\"  style='background-color: #ffffff;background-position: center center;background-repeat: no-repeat;padding-top:0px;padding-right:0px;padding-bottom:0px;padding-left:0px;'><div class=\"fusion-builder-row fusion-row \"><\/div><\/div><div class=\"fusion-fullwidth fullwidth-box nonhundred-percent-fullwidth non-hundred-percent-height-scrolling\"  style='background-color: #ffffff;background-position: center center;background-repeat: no-repeat;padding-top:0px;padding-right:0px;padding-bottom:0px;padding-left:0px;'><div class=\"fusion-builder-row fusion-row \"><div  class=\"fusion-layout-column fusion_builder_column fusion_builder_column_1_1  fusion-one-full fusion-column-first fusion-column-last 1_1\"  style='margin-top:0px;margin-bottom:20px;'>\n\t\t\t\t\t<div class=\"fusion-column-wrapper\" style=\"background-position:left top;background-repeat:no-repeat;-webkit-background-size:cover;-moz-background-size:cover;-o-background-size:cover;background-size:cover;\"  data-bg-url=\"\">\n\t\t\t\t\t\t<div class=\"fusion-alert alert custom alert-dismissable alert-custom\" style=\"background-color:#ffffff;color:#03a9f4;border-color:#03a9f4;border-width:3px;\">  <button style=\"color:#03a9f4;border-color:#03a9f4;\" type=\"button\" class=\"close toggle-alert\" data-dismiss=\"alert\" aria-hidden=\"true\">&times;<\/button><p style=\"text-align: left;\"><span style=\"color: #000000;\">L\u2019\u00e9cole media art du Grand Chalon repense actuellement son offre d\u2019enseignement sup\u00e9rieur dans l\u2019objectif de proposer de nouvelles formations.<\/span><\/p>\n<p style=\"text-align: left;\"><strong><span style=\"color: #000000;\">Dans ce contexte, l\u2019e|m|a n\u2019accueillera pas d\u2019\u00e9tudiants en 1<sup>re<\/sup> et 2<sup>e<\/sup> ann\u00e9e \u00e0 la rentr\u00e9e 2025-2026. <\/span><\/strong><\/p>\n<p style=\"text-align: left;\"><strong><span style=\"color: #000000;\">Seules les candidatures en 3<sup>e<\/sup> ann\u00e9e pourront \u00eatre accept\u00e9es.<\/span><\/strong><\/p>\n<p style=\"text-align: left;\"><span style=\"color: #000000;\">L\u2019\u00e9cole peut n\u00e9anmoins orienter les candidats souhaitant int\u00e9grer une \u00e9cole d\u2019art en 1<sup>re<\/sup>&nbsp;ann\u00e9e vers ses \u00e9tablissements partenaires d\u2019enseignement sup\u00e9rieur artistique de la r\u00e9gion Bourgogne-Franche-Comt\u00e9.<\/span><\/p><\/div><div class=\"fusion-clearfix\"><\/div>\n\n\t\t\t\t\t<\/div>\n\t\t\t\t<\/div><\/div><\/div><div class=\"fusion-fullwidth fullwidth-box nonhundred-percent-fullwidth non-hundred-percent-height-scrolling\"  style='background-color: #ffffff;background-position: center center;background-repeat: no-repeat;padding-top:0px;padding-right:0px;padding-bottom:0px;padding-left:0px;'><div class=\"fusion-builder-row fusion-row \"><div  class=\"fusion-layout-column fusion_builder_column fusion_builder_column_1_1  fusion-one-full fusion-column-first fusion-column-last 1_1\"  style='margin-top:0px;margin-bottom:20px;'>\n\t\t\t\t\t<div class=\"fusion-column-wrapper\" style=\"padding: 0px 0px 0px 0px;background-position:left top;background-repeat:no-repeat;-webkit-background-size:cover;-moz-background-size:cover;-o-background-size:cover;background-size:cover;\"  data-bg-url=\"\">\n\t\t\t\t\t\t<div class=\"fusion-clearfix\"><\/div>\n\n\t\t\t\t\t<\/div>\n\t\t\t\t<\/div><\/div><\/div><div class=\"fusion-fullwidth fullwidth-box nonhundred-percent-fullwidth non-hundred-percent-height-scrolling\"  style='background-color: #ffffff;background-position: center center;background-repeat: no-repeat;padding-top:0px;padding-right:0px;padding-bottom:0px;padding-left:0px;'><div class=\"fusion-builder-row fusion-row \"><div  class=\"fusion-layout-column fusion_builder_column fusion_builder_column_1_1  fusion-one-full fusion-column-first fusion-column-last 1_1\"  style='margin-top:0px;margin-bottom:20px;'>\n\t\t\t\t\t<div class=\"fusion-column-wrapper\" style=\"background-position:left top;background-repeat:no-repeat;-webkit-background-size:cover;-moz-background-size:cover;-o-background-size:cover;background-size:cover;\"  data-bg-url=\"\">\n\t\t\t\t\t\t<div class=\"fusion-clearfix\"><\/div>\n\n\t\t\t\t\t<\/div>\n\t\t\t\t<\/div><\/div><\/div><\/p>\n","protected":false},"excerpt":{"rendered":"","protected":false},"author":5,"featured_media":0,"parent":0,"menu_order":5,"comment_status":"closed","ping_status":"closed","template":"","meta":{"ngg_post_thumbnail":0},"_links":{"self":[{"href":"http:\/\/emafructidor.com\/ema\/wp-json\/wp\/v2\/pages\/7318"}],"collection":[{"href":"http:\/\/emafructidor.com\/ema\/wp-json\/wp\/v2\/pages"}],"about":[{"href":"http:\/\/emafructidor.com\/ema\/wp-json\/wp\/v2\/types\/page"}],"author":[{"embeddable":true,"href":"http:\/\/emafructidor.com\/ema\/wp-json\/wp\/v2\/users\/5"}],"replies":[{"embeddable":true,"href":"http:\/\/emafructidor.com\/ema\/wp-json\/wp\/v2\/comments?post=7318"}],"version-history":[{"count":62,"href":"http:\/\/emafructidor.com\/ema\/wp-json\/wp\/v2\/pages\/7318\/revisions"}],"predecessor-version":[{"id":10305,"href":"http:\/\/emafructidor.com\/ema\/wp-json\/wp\/v2\/pages\/7318\/revisions\/10305"}],"wp:attachment":[{"href":"http:\/\/emafructidor.com\/ema\/wp-json\/wp\/v2\/media?parent=7318"}],"curies":[{"name":"wp","href":"https:\/\/api.w.org\/{rel}","templated":true}]}}