{"id":7497,"date":"2024-08-26T11:37:25","date_gmt":"2024-08-26T10:37:25","guid":{"rendered":"http:\/\/emafructidor.com\/ema\/?page_id=7497"},"modified":"2025-09-03T09:51:09","modified_gmt":"2025-09-03T08:51:09","slug":"inscriptions","status":"publish","type":"page","link":"http:\/\/emafructidor.com\/ema\/praxis\/inscriptions\/","title":{"rendered":"Informations et tarifs"},"content":{"rendered":"<div class=\"fusion-fullwidth fullwidth-box nonhundred-percent-fullwidth non-hundred-percent-height-scrolling\"  style='background-color: #ffffff;background-position: center center;background-repeat: no-repeat;padding-top:0px;padding-right:0px;padding-bottom:0px;padding-left:0px;'><div class=\"fusion-builder-row fusion-row \"><div  class=\"fusion-layout-column fusion_builder_column fusion_builder_column_1_1  fusion-one-full fusion-column-first fusion-column-last 1_1\"  style='margin-top:0px;margin-bottom:20px;'>\n\t\t\t\t\t<div class=\"fusion-column-wrapper\" style=\"background-position:left top;background-repeat:no-repeat;-webkit-background-size:cover;-moz-background-size:cover;-o-background-size:cover;background-size:cover;\"  data-bg-url=\"\">\n\t\t\t\t\t\t<div class=\"fusion-text\"><h2><span style=\"color: #000000;\">\u2261&nbsp;INSCRIPTIONS<\/span><\/h2>\n<\/div><div class=\"fusion-clearfix\"><\/div>\n\n\t\t\t\t\t<\/div>\n\t\t\t\t<\/div><div  class=\"fusion-layout-column fusion_builder_column fusion_builder_column_1_3  fusion-one-third fusion-column-first 1_3\"  style='margin-top:0px;margin-bottom:20px;width:33.33%;width:calc(33.33% - ( ( 4% + 4% ) * 0.3333 ) );margin-right: 4%;'>\n\t\t\t\t\t<div class=\"fusion-column-wrapper\" style=\"padding: 0px 0px 0px 0px;background-position:left top;background-repeat:no-repeat;-webkit-background-size:cover;-moz-background-size:cover;-o-background-size:cover;background-size:cover;\"  data-bg-url=\"\">\n\t\t\t\t\t\t<div class=\"fusion-text\"><h3><span style=\"color: #000000;\">MODALIT\u00c9S<\/span><\/h3>\n<\/div><div class=\"fusion-text\"><div class=\"x_elementToProof\">\n<p align=\"justify\"><span style=\"color: #000000;\">Les pr\u00e9-inscriptions se font en ligne, en cliquant sur \u00ab\u00a0inscription\u00a0\u00bb de l&rsquo;atelier souhait\u00e9 <\/span><span style=\"color: #000000;\">(lien non accessible hors p\u00e9riode)<\/span><span style=\"color: #000000;\">.<\/span><\/p>\n<p align=\"justify\"><span style=\"color: #000000;\">Ce lien donne acc\u00e8s \u00e0 une plateforme qui vous permet soit :<br \/>\n&#8211; de cr\u00e9er un compte (pour une nouvelle demande de pr\u00e9-inscription) \u00e0 l&rsquo;aide d&rsquo;une adresse e-mail valide,<br \/>\n&#8211; de renouveler une demande de pr\u00e9-inscription (\u00e0 l&rsquo;aide des identifiants saisis l&rsquo;ann\u00e9e pr\u00e9c\u00e9dente).&nbsp;<\/span><\/p>\n<p align=\"justify\"><span style=\"color: #000000;\">Pour l&rsquo;inscription de plusieurs membres d&rsquo;une m\u00eame famille, la cr\u00e9ation de comptes distincts est n\u00e9cessaire (avec des adresses e-mail distinctes).<\/span><\/p>\n<p align=\"justify\"><span style=\"color: #000000;\">En cas d\u2019erreur de saisie, l\u2019\u00e9cole ne saurait \u00eatre rendue responsable de non-r\u00e9ponse \u00e0 votre demande de pr\u00e9-inscription.&nbsp;<\/span><\/p>\n<p align=\"justify\"><span style=\"color: #000000;\">Conform\u00e9ment au r\u00e8glement int\u00e9rieur, l\u2019\u00e9cole se r\u00e9serve la possibilit\u00e9 de donner la priorit\u00e9 \u00e0 des auditeurs ayant une pratique inf\u00e9rieure \u00e0 7 ann\u00e9es, par rapport \u00e0 des auditeurs inscrits <u>au m\u00eame atelier<\/u> depuis plus de 7 ans.<\/span><\/p>\n<p align=\"justify\"><span style=\"color: #000000;\">Pour toute information compl\u00e9mentaire : accueil@emafructidor.com<\/span><\/p>\n<\/div>\n<\/div><div class=\"fusion-clearfix\"><\/div>\n\n\t\t\t\t\t<\/div>\n\t\t\t\t<\/div><div  class=\"fusion-layout-column fusion_builder_column fusion_builder_column_1_3  fusion-one-third 1_3\"  style='margin-top:0px;margin-bottom:20px;width:33.33%;width:calc(33.33% - ( ( 4% + 4% ) * 0.3333 ) );margin-right: 4%;'>\n\t\t\t\t\t<div class=\"fusion-column-wrapper\" style=\"background-position:left top;background-repeat:no-repeat;-webkit-background-size:cover;-moz-background-size:cover;-o-background-size:cover;background-size:cover;\"  data-bg-url=\"\">\n\t\t\t\t\t\t<div class=\"fusion-text\"><h3><span style=\"color: #000000;\">CALENDRIER<\/span><\/h3>\n<\/div><div class=\"fusion-text\"><div class=\"x_elementToProof\">\n<ul>\n<li><span style=\"color: #000000;\"><strong>Du 29 ao\u00fbt au 8 septembre 2025<\/strong> : <\/span><br \/>\n<span style=\"color: #000000;\">ouverture des pr\u00e9-inscriptions.<\/span><\/li>\n<li><span style=\"color: #000000;\">Confirmation des inscriptions ou des placements sur liste d&rsquo;attente par e-mail, au plus tard le <strong>vendredi 19 septembre 2025<\/strong>.<\/span><\/li>\n<li><span style=\"color: #000000;\">A partir du <strong>22 septembre 2025<\/strong> : reprise des activit\u00e9s.<\/span><\/li>\n<\/ul>\n<\/div>\n<div>\n<p align=\"justify\"><span style=\"color: #000000;\">Pour toute nouvelle inscription, un essai est possible.<\/span><\/p>\n<p align=\"justify\"><span style=\"color: #000000;\">A l\u2019issue de celui-ci, si vous d\u00e9cidez de poursuivre, votre r\u00e8glement deviendra obligatoire.<\/span><\/p>\n<p align=\"justify\"><span style=\"color: #000000;\">Sans r\u00e8glement de votre part au-del\u00e0 de la mi-octobre 2025, votre inscription sera annul\u00e9e.<\/span><\/p>\n<\/div>\n<div>\n<p align=\"justify\">&nbsp;<\/p>\n<\/div>\n<div class=\"x_elementToProof\" data-olk-copy-source=\"MessageBody\">&nbsp;<\/div>\n<\/div><div class=\"fusion-clearfix\"><\/div>\n\n\t\t\t\t\t<\/div>\n\t\t\t\t<\/div><div  class=\"fusion-layout-column fusion_builder_column fusion_builder_column_1_3  fusion-one-third fusion-column-last 1_3\"  style='margin-top:0px;margin-bottom:20px;width:33.33%;width:calc(33.33% - ( ( 4% + 4% ) * 0.3333 ) );'>\n\t\t\t\t\t<div class=\"fusion-column-wrapper\" style=\"background-position:left top;background-repeat:no-repeat;-webkit-background-size:cover;-moz-background-size:cover;-o-background-size:cover;background-size:cover;\"  data-bg-url=\"\">\n\t\t\t\t\t\t<div class=\"fusion-text\"><h3 style=\"text-align: left;\"><span style=\"color: #000000;\">R\u00c8GLEMENT ACCEPT\u00c9S<\/span><\/h3>\n<\/div><div class=\"fusion-text\"><div class=\"x_elementToProof\">\n<p><span style=\"color: #000000;\">. Carte bancaire<br \/>\n. Ch\u00e8que bancaire<br \/>\n<\/span><span style=\"color: #000000;\">. Esp\u00e8ces<br \/>\n<\/span><span style=\"color: #000000;\">. Ch\u00e8ques vacances ANCV&nbsp;<\/span><\/p>\n<\/div>\n<div class=\"x_elementToProof\">\n<p align=\"justify\">&nbsp;<\/p>\n<\/div>\n<h4 align=\"justify\">&nbsp;<\/h4>\n<p align=\"justify\">&nbsp;<\/p>\n<p align=\"justify\">&nbsp;<\/p>\n<\/div><div class=\"fusion-clearfix\"><\/div>\n\n\t\t\t\t\t<\/div>\n\t\t\t\t<\/div><div  class=\"fusion-layout-column fusion_builder_column fusion_builder_column_1_1  fusion-one-full fusion-column-first fusion-column-last 1_1\"  style='margin-top:0px;margin-bottom:20px;'>\n\t\t\t\t\t<div class=\"fusion-column-wrapper\" style=\"background-position:left top;background-repeat:no-repeat;-webkit-background-size:cover;-moz-background-size:cover;-o-background-size:cover;background-size:cover;\"  data-bg-url=\"\">\n\t\t\t\t\t\t<div class=\"fusion-text\"><h2><span style=\"color: #000000;\">\u2261 <a style=\"color: #000000;\" href=\"http:\/\/emafructidor.com\/ema\/wp-content\/uploads\/2025\/07\/TARIFS-PRAXIS-2025-2026.pdf\">TARIFS<\/a><\/span><\/h2>\n<\/div><div class=\"fusion-text\"><h2><span style=\"color: #000000;\">\u2261 <a style=\"color: #000000;\" href=\"http:\/\/emafructidor.com\/ema\/wp-content\/uploads\/2025\/07\/REGLEMENT-INTERIEUR-ECOLE-MEDIA-ART-2025-2026.pdf\">R\u00c8GLEMENT INT\u00c9RIEUR <\/a><\/span><\/h2>\n<\/div><div class=\"fusion-clearfix\"><\/div>\n\n\t\t\t\t\t<\/div>\n\t\t\t\t<\/div><\/div><\/div>\n","protected":false},"excerpt":{"rendered":"","protected":false},"author":5,"featured_media":0,"parent":7051,"menu_order":0,"comment_status":"closed","ping_status":"closed","template":"","meta":{"ngg_post_thumbnail":0},"_links":{"self":[{"href":"http:\/\/emafructidor.com\/ema\/wp-json\/wp\/v2\/pages\/7497"}],"collection":[{"href":"http:\/\/emafructidor.com\/ema\/wp-json\/wp\/v2\/pages"}],"about":[{"href":"http:\/\/emafructidor.com\/ema\/wp-json\/wp\/v2\/types\/page"}],"author":[{"embeddable":true,"href":"http:\/\/emafructidor.com\/ema\/wp-json\/wp\/v2\/users\/5"}],"replies":[{"embeddable":true,"href":"http:\/\/emafructidor.com\/ema\/wp-json\/wp\/v2\/comments?post=7497"}],"version-history":[{"count":96,"href":"http:\/\/emafructidor.com\/ema\/wp-json\/wp\/v2\/pages\/7497\/revisions"}],"predecessor-version":[{"id":11222,"href":"http:\/\/emafructidor.com\/ema\/wp-json\/wp\/v2\/pages\/7497\/revisions\/11222"}],"up":[{"embeddable":true,"href":"http:\/\/emafructidor.com\/ema\/wp-json\/wp\/v2\/pages\/7051"}],"wp:attachment":[{"href":"http:\/\/emafructidor.com\/ema\/wp-json\/wp\/v2\/media?parent=7497"}],"curies":[{"name":"wp","href":"https:\/\/api.w.org\/{rel}","templated":true}]}}