{"id":7797,"date":"2021-11-12T14:12:28","date_gmt":"2021-11-12T13:12:28","guid":{"rendered":"http:\/\/emafructidor.com\/ema\/?page_id=7797"},"modified":"2021-11-15T09:36:16","modified_gmt":"2021-11-15T08:36:16","slug":"julie-vacher","status":"publish","type":"page","link":"http:\/\/emafructidor.com\/ema\/julie-vacher\/","title":{"rendered":"Julie Vacher"},"content":{"rendered":"<p><div class=\"fusion-fullwidth fullwidth-box nonhundred-percent-fullwidth non-hundred-percent-height-scrolling\"  style='background-color: #ffffff;background-position: center center;background-repeat: no-repeat;padding-top:0px;padding-right:0px;padding-bottom:0px;padding-left:0px;'><div class=\"fusion-builder-row fusion-row \"><div  class=\"fusion-layout-column fusion_builder_column fusion_builder_column_1_1  fusion-one-full fusion-column-first fusion-column-last 1_1\"  style='margin-top:0px;margin-bottom:20px;'>\n\t\t\t\t\t<div class=\"fusion-column-wrapper\" style=\"background-position:left top;background-repeat:no-repeat;-webkit-background-size:cover;-moz-background-size:cover;-o-background-size:cover;background-size:cover;\"  data-bg-url=\"\">\n\t\t\t\t\t\t<div class=\"fusion-text\"><h1 style=\"text-align: center;\">Humour automatique et tristesse technolactique, un workshop anim\u00e9 par Julie Vacher et propos\u00e9 par Davide Bertocchi<\/h1>\n<\/div><div class=\"fusion-text\"><p class=\"_04xlpA direction-ltr align-justify para-style-body\"><span class=\"JsGRdQ\"><a href=\"https:\/\/julievacher.com\/\">Julie Vacher\u00a0<\/a> vit et travaille \u00e0 Aubervilliers et est dipl\u00f4m\u00e9e du Fresnoy-Studio National des Arts Contemporains en 2018 et des Beaux-Arts de Lyon en 2013.<\/span><\/p>\n<p class=\"_04xlpA direction-ltr align-justify para-style-body\"><span class=\"JsGRdQ\">Julie Vacher met en sc\u00e8ne les processus de transformation en jeu dans les rapports humains, humains et non-humains, et entre les vivants et leurs environnements \u00e0 l&rsquo;\u00e8re o\u00f9 se c\u00f4toient le physique et le virtuel.<\/span><\/p>\n<p class=\"_04xlpA direction-ltr align-justify para-style-body\"><span class=\"JsGRdQ\">Le champ de ses exp\u00e9rimentations touche \u00e0 l\u2019imaginaire \u00e9cologique, au fantasme sanitaire ou encore \u00e0 la mythologie de l\u2019univers du travail. Via un travail d&rsquo;\u00e9criture, elle explore le langage et son oralit\u00e9, dont elle rel\u00e8ve la po\u00e9tique et les m\u00e9canismes de construction \u00e0 travers le son, la vid\u00e9o, l\u2019automatisation ou encore le web.<\/span><\/p>\n<\/div><div class=\"fusion-clearfix\"><\/div>\n\n\t\t\t\t\t<\/div>\n\t\t\t\t<\/div><\/div><\/div><div class=\"fusion-fullwidth fullwidth-box nonhundred-percent-fullwidth non-hundred-percent-height-scrolling\"  style='background-color: #ffffff;background-position: center center;background-repeat: no-repeat;padding-top:0px;padding-right:0px;padding-bottom:0px;padding-left:0px;'><div class=\"fusion-builder-row fusion-row \"><div  class=\"fusion-layout-column fusion_builder_column fusion_builder_column_1_1  fusion-one-full fusion-column-first fusion-column-last 1_1\"  style='margin-top:0px;margin-bottom:0px;'>\n\t\t\t\t\t<div class=\"fusion-column-wrapper\" style=\"background-position:left top;background-repeat:no-repeat;-webkit-background-size:cover;-moz-background-size:cover;-o-background-size:cover;background-size:cover;\"  data-bg-url=\"\">\n\t\t\t\t\t\t<div class=\"fusion-text\">\n\t\t<style type=\"text\/css\">\n\t\t\t#gallery-1 {\n\t\t\t\tmargin: auto;\n\t\t\t}\n\t\t\t#gallery-1 .gallery-item {\n\t\t\t\tfloat: left;\n\t\t\t\tmargin-top: 10px;\n\t\t\t\ttext-align: center;\n\t\t\t\twidth: 33%;\n\t\t\t}\n\t\t\t#gallery-1 img {\n\t\t\t\tborder: 2px solid #cfcfcf;\n\t\t\t}\n\t\t\t#gallery-1 .gallery-caption {\n\t\t\t\tmargin-left: 0;\n\t\t\t}\n\t\t\t\/* see gallery_shortcode() in wp-includes\/media.php *\/\n\t\t<\/style>\n\t\t<div id='gallery-1' class='gallery galleryid-7797 gallery-columns-3 gallery-size-medium'><dl class='gallery-item'>\n\t\t\t<dt class='gallery-icon portrait'>\n\t\t\t\t<a data-rel=\"iLightbox[postimages]\" data-title=\"Julie Vacher\" data-caption=\"\" href='http:\/\/emafructidor.com\/ema\/julie-vacher\/img_4107\/'><img width=\"225\" height=\"300\" src=\"http:\/\/emafructidor.com\/ema\/wp-content\/uploads\/2021\/11\/IMG_4107-225x300.jpg\" class=\"attachment-medium size-medium\" alt=\"\" loading=\"lazy\" srcset=\"http:\/\/emafructidor.com\/ema\/wp-content\/uploads\/2021\/11\/IMG_4107-200x267.jpg 200w, http:\/\/emafructidor.com\/ema\/wp-content\/uploads\/2021\/11\/IMG_4107-225x300.jpg 225w, http:\/\/emafructidor.com\/ema\/wp-content\/uploads\/2021\/11\/IMG_4107-400x533.jpg 400w, http:\/\/emafructidor.com\/ema\/wp-content\/uploads\/2021\/11\/IMG_4107-525x700.jpg 525w, http:\/\/emafructidor.com\/ema\/wp-content\/uploads\/2021\/11\/IMG_4107-600x800.jpg 600w, http:\/\/emafructidor.com\/ema\/wp-content\/uploads\/2021\/11\/IMG_4107-768x1024.jpg 768w, http:\/\/emafructidor.com\/ema\/wp-content\/uploads\/2021\/11\/IMG_4107-800x1067.jpg 800w, http:\/\/emafructidor.com\/ema\/wp-content\/uploads\/2021\/11\/IMG_4107-1200x1600.jpg 1200w\" sizes=\"(max-width: 225px) 100vw, 225px\" \/><\/a>\n\t\t\t<\/dt><\/dl><dl class='gallery-item'>\n\t\t\t<dt class='gallery-icon portrait'>\n\t\t\t\t<a data-rel=\"iLightbox[postimages]\" data-title=\"Julie Vacher\" data-caption=\"\" href='http:\/\/emafructidor.com\/ema\/julie-vacher\/img_4104\/'><img width=\"225\" height=\"300\" src=\"http:\/\/emafructidor.com\/ema\/wp-content\/uploads\/2021\/11\/IMG_4104-225x300.jpg\" class=\"attachment-medium size-medium\" alt=\"\" loading=\"lazy\" srcset=\"http:\/\/emafructidor.com\/ema\/wp-content\/uploads\/2021\/11\/IMG_4104-200x267.jpg 200w, http:\/\/emafructidor.com\/ema\/wp-content\/uploads\/2021\/11\/IMG_4104-225x300.jpg 225w, http:\/\/emafructidor.com\/ema\/wp-content\/uploads\/2021\/11\/IMG_4104-400x533.jpg 400w, http:\/\/emafructidor.com\/ema\/wp-content\/uploads\/2021\/11\/IMG_4104-525x700.jpg 525w, http:\/\/emafructidor.com\/ema\/wp-content\/uploads\/2021\/11\/IMG_4104-600x800.jpg 600w, http:\/\/emafructidor.com\/ema\/wp-content\/uploads\/2021\/11\/IMG_4104-768x1024.jpg 768w, http:\/\/emafructidor.com\/ema\/wp-content\/uploads\/2021\/11\/IMG_4104-800x1067.jpg 800w, http:\/\/emafructidor.com\/ema\/wp-content\/uploads\/2021\/11\/IMG_4104-1200x1600.jpg 1200w\" sizes=\"(max-width: 225px) 100vw, 225px\" \/><\/a>\n\t\t\t<\/dt><\/dl><dl class='gallery-item'>\n\t\t\t<dt class='gallery-icon landscape'>\n\t\t\t\t<a data-rel=\"iLightbox[postimages]\" data-title=\"Julie Vacher\" data-caption=\"\" href='http:\/\/emafructidor.com\/ema\/copie-de-img_9616\/'><img width=\"300\" height=\"225\" src=\"http:\/\/emafructidor.com\/ema\/wp-content\/uploads\/2021\/11\/Copie-de-IMG_9616-300x225.jpg\" class=\"attachment-medium size-medium\" alt=\"\" loading=\"lazy\" srcset=\"http:\/\/emafructidor.com\/ema\/wp-content\/uploads\/2021\/11\/Copie-de-IMG_9616-200x150.jpg 200w, http:\/\/emafructidor.com\/ema\/wp-content\/uploads\/2021\/11\/Copie-de-IMG_9616-300x225.jpg 300w, http:\/\/emafructidor.com\/ema\/wp-content\/uploads\/2021\/11\/Copie-de-IMG_9616-400x300.jpg 400w, http:\/\/emafructidor.com\/ema\/wp-content\/uploads\/2021\/11\/Copie-de-IMG_9616-600x450.jpg 600w, http:\/\/emafructidor.com\/ema\/wp-content\/uploads\/2021\/11\/Copie-de-IMG_9616-700x525.jpg 700w, http:\/\/emafructidor.com\/ema\/wp-content\/uploads\/2021\/11\/Copie-de-IMG_9616-768x576.jpg 768w, http:\/\/emafructidor.com\/ema\/wp-content\/uploads\/2021\/11\/Copie-de-IMG_9616-800x600.jpg 800w, http:\/\/emafructidor.com\/ema\/wp-content\/uploads\/2021\/11\/Copie-de-IMG_9616-1200x900.jpg 1200w\" sizes=\"(max-width: 300px) 100vw, 300px\" \/><\/a>\n\t\t\t<\/dt><\/dl><br style=\"clear: both\" \/><dl class='gallery-item'>\n\t\t\t<dt class='gallery-icon landscape'>\n\t\t\t\t<a data-rel=\"iLightbox[postimages]\" data-title=\"Julie Vacher\" data-caption=\"\" href='http:\/\/emafructidor.com\/ema\/copie-de-img_9628\/'><img width=\"300\" height=\"225\" src=\"http:\/\/emafructidor.com\/ema\/wp-content\/uploads\/2021\/11\/Copie-de-IMG_9628-300x225.jpg\" class=\"attachment-medium size-medium\" alt=\"\" loading=\"lazy\" srcset=\"http:\/\/emafructidor.com\/ema\/wp-content\/uploads\/2021\/11\/Copie-de-IMG_9628-200x150.jpg 200w, http:\/\/emafructidor.com\/ema\/wp-content\/uploads\/2021\/11\/Copie-de-IMG_9628-300x225.jpg 300w, http:\/\/emafructidor.com\/ema\/wp-content\/uploads\/2021\/11\/Copie-de-IMG_9628-400x300.jpg 400w, http:\/\/emafructidor.com\/ema\/wp-content\/uploads\/2021\/11\/Copie-de-IMG_9628-600x450.jpg 600w, http:\/\/emafructidor.com\/ema\/wp-content\/uploads\/2021\/11\/Copie-de-IMG_9628-700x525.jpg 700w, http:\/\/emafructidor.com\/ema\/wp-content\/uploads\/2021\/11\/Copie-de-IMG_9628-768x576.jpg 768w, http:\/\/emafructidor.com\/ema\/wp-content\/uploads\/2021\/11\/Copie-de-IMG_9628-800x600.jpg 800w, http:\/\/emafructidor.com\/ema\/wp-content\/uploads\/2021\/11\/Copie-de-IMG_9628-1200x900.jpg 1200w\" sizes=\"(max-width: 300px) 100vw, 300px\" \/><\/a>\n\t\t\t<\/dt><\/dl><dl class='gallery-item'>\n\t\t\t<dt class='gallery-icon landscape'>\n\t\t\t\t<a data-rel=\"iLightbox[postimages]\" data-title=\"Julie Vacher\" data-caption=\"\" href='http:\/\/emafructidor.com\/ema\/copie-de-img_9627\/'><img width=\"300\" height=\"225\" src=\"http:\/\/emafructidor.com\/ema\/wp-content\/uploads\/2021\/11\/Copie-de-IMG_9627-300x225.jpg\" class=\"attachment-medium size-medium\" alt=\"\" loading=\"lazy\" srcset=\"http:\/\/emafructidor.com\/ema\/wp-content\/uploads\/2021\/11\/Copie-de-IMG_9627-200x150.jpg 200w, http:\/\/emafructidor.com\/ema\/wp-content\/uploads\/2021\/11\/Copie-de-IMG_9627-300x225.jpg 300w, http:\/\/emafructidor.com\/ema\/wp-content\/uploads\/2021\/11\/Copie-de-IMG_9627-400x300.jpg 400w, http:\/\/emafructidor.com\/ema\/wp-content\/uploads\/2021\/11\/Copie-de-IMG_9627-600x450.jpg 600w, http:\/\/emafructidor.com\/ema\/wp-content\/uploads\/2021\/11\/Copie-de-IMG_9627-700x525.jpg 700w, http:\/\/emafructidor.com\/ema\/wp-content\/uploads\/2021\/11\/Copie-de-IMG_9627-768x576.jpg 768w, http:\/\/emafructidor.com\/ema\/wp-content\/uploads\/2021\/11\/Copie-de-IMG_9627-800x600.jpg 800w, http:\/\/emafructidor.com\/ema\/wp-content\/uploads\/2021\/11\/Copie-de-IMG_9627-1200x900.jpg 1200w\" sizes=\"(max-width: 300px) 100vw, 300px\" \/><\/a>\n\t\t\t<\/dt><\/dl><dl class='gallery-item'>\n\t\t\t<dt class='gallery-icon landscape'>\n\t\t\t\t<a data-rel=\"iLightbox[postimages]\" data-title=\"Julie Vacher\" data-caption=\"\" href='http:\/\/emafructidor.com\/ema\/copie-de-img_9626\/'><img width=\"300\" height=\"225\" src=\"http:\/\/emafructidor.com\/ema\/wp-content\/uploads\/2021\/11\/Copie-de-IMG_9626-300x225.jpg\" class=\"attachment-medium size-medium\" alt=\"\" loading=\"lazy\" srcset=\"http:\/\/emafructidor.com\/ema\/wp-content\/uploads\/2021\/11\/Copie-de-IMG_9626-200x150.jpg 200w, http:\/\/emafructidor.com\/ema\/wp-content\/uploads\/2021\/11\/Copie-de-IMG_9626-300x225.jpg 300w, http:\/\/emafructidor.com\/ema\/wp-content\/uploads\/2021\/11\/Copie-de-IMG_9626-400x300.jpg 400w, http:\/\/emafructidor.com\/ema\/wp-content\/uploads\/2021\/11\/Copie-de-IMG_9626-600x450.jpg 600w, http:\/\/emafructidor.com\/ema\/wp-content\/uploads\/2021\/11\/Copie-de-IMG_9626-700x525.jpg 700w, http:\/\/emafructidor.com\/ema\/wp-content\/uploads\/2021\/11\/Copie-de-IMG_9626-768x576.jpg 768w, http:\/\/emafructidor.com\/ema\/wp-content\/uploads\/2021\/11\/Copie-de-IMG_9626-800x600.jpg 800w, http:\/\/emafructidor.com\/ema\/wp-content\/uploads\/2021\/11\/Copie-de-IMG_9626-1200x900.jpg 1200w\" sizes=\"(max-width: 300px) 100vw, 300px\" \/><\/a>\n\t\t\t<\/dt><\/dl><br style=\"clear: both\" \/><dl class='gallery-item'>\n\t\t\t<dt class='gallery-icon landscape'>\n\t\t\t\t<a data-rel=\"iLightbox[postimages]\" data-title=\"Julie Vacher\" data-caption=\"\" href='http:\/\/emafructidor.com\/ema\/copie-de-img_9621\/'><img width=\"300\" height=\"225\" src=\"http:\/\/emafructidor.com\/ema\/wp-content\/uploads\/2021\/11\/Copie-de-IMG_9621-300x225.jpg\" class=\"attachment-medium size-medium\" alt=\"\" loading=\"lazy\" srcset=\"http:\/\/emafructidor.com\/ema\/wp-content\/uploads\/2021\/11\/Copie-de-IMG_9621-200x150.jpg 200w, http:\/\/emafructidor.com\/ema\/wp-content\/uploads\/2021\/11\/Copie-de-IMG_9621-300x225.jpg 300w, http:\/\/emafructidor.com\/ema\/wp-content\/uploads\/2021\/11\/Copie-de-IMG_9621-400x300.jpg 400w, http:\/\/emafructidor.com\/ema\/wp-content\/uploads\/2021\/11\/Copie-de-IMG_9621-600x450.jpg 600w, http:\/\/emafructidor.com\/ema\/wp-content\/uploads\/2021\/11\/Copie-de-IMG_9621-700x525.jpg 700w, http:\/\/emafructidor.com\/ema\/wp-content\/uploads\/2021\/11\/Copie-de-IMG_9621-768x576.jpg 768w, http:\/\/emafructidor.com\/ema\/wp-content\/uploads\/2021\/11\/Copie-de-IMG_9621-800x600.jpg 800w, http:\/\/emafructidor.com\/ema\/wp-content\/uploads\/2021\/11\/Copie-de-IMG_9621-1200x900.jpg 1200w\" sizes=\"(max-width: 300px) 100vw, 300px\" \/><\/a>\n\t\t\t<\/dt><\/dl><dl class='gallery-item'>\n\t\t\t<dt class='gallery-icon landscape'>\n\t\t\t\t<a data-rel=\"iLightbox[postimages]\" data-title=\"Julie Vacher\" data-caption=\"\" href='http:\/\/emafructidor.com\/ema\/copie-de-img_9619\/'><img width=\"300\" height=\"225\" src=\"http:\/\/emafructidor.com\/ema\/wp-content\/uploads\/2021\/11\/Copie-de-IMG_9619-300x225.jpg\" class=\"attachment-medium size-medium\" alt=\"\" loading=\"lazy\" srcset=\"http:\/\/emafructidor.com\/ema\/wp-content\/uploads\/2021\/11\/Copie-de-IMG_9619-200x150.jpg 200w, http:\/\/emafructidor.com\/ema\/wp-content\/uploads\/2021\/11\/Copie-de-IMG_9619-300x225.jpg 300w, http:\/\/emafructidor.com\/ema\/wp-content\/uploads\/2021\/11\/Copie-de-IMG_9619-400x300.jpg 400w, http:\/\/emafructidor.com\/ema\/wp-content\/uploads\/2021\/11\/Copie-de-IMG_9619-600x450.jpg 600w, http:\/\/emafructidor.com\/ema\/wp-content\/uploads\/2021\/11\/Copie-de-IMG_9619-700x525.jpg 700w, http:\/\/emafructidor.com\/ema\/wp-content\/uploads\/2021\/11\/Copie-de-IMG_9619-768x576.jpg 768w, http:\/\/emafructidor.com\/ema\/wp-content\/uploads\/2021\/11\/Copie-de-IMG_9619-800x600.jpg 800w, http:\/\/emafructidor.com\/ema\/wp-content\/uploads\/2021\/11\/Copie-de-IMG_9619-1200x900.jpg 1200w\" sizes=\"(max-width: 300px) 100vw, 300px\" \/><\/a>\n\t\t\t<\/dt><\/dl><dl class='gallery-item'>\n\t\t\t<dt class='gallery-icon landscape'>\n\t\t\t\t<a data-rel=\"iLightbox[postimages]\" data-title=\"Julie Vacher\" data-caption=\"\" href='http:\/\/emafructidor.com\/ema\/copie-de-img_9618\/'><img width=\"300\" height=\"225\" src=\"http:\/\/emafructidor.com\/ema\/wp-content\/uploads\/2021\/11\/Copie-de-IMG_9618-300x225.jpg\" class=\"attachment-medium size-medium\" alt=\"\" loading=\"lazy\" srcset=\"http:\/\/emafructidor.com\/ema\/wp-content\/uploads\/2021\/11\/Copie-de-IMG_9618-200x150.jpg 200w, http:\/\/emafructidor.com\/ema\/wp-content\/uploads\/2021\/11\/Copie-de-IMG_9618-300x225.jpg 300w, http:\/\/emafructidor.com\/ema\/wp-content\/uploads\/2021\/11\/Copie-de-IMG_9618-400x300.jpg 400w, http:\/\/emafructidor.com\/ema\/wp-content\/uploads\/2021\/11\/Copie-de-IMG_9618-600x450.jpg 600w, http:\/\/emafructidor.com\/ema\/wp-content\/uploads\/2021\/11\/Copie-de-IMG_9618-700x525.jpg 700w, http:\/\/emafructidor.com\/ema\/wp-content\/uploads\/2021\/11\/Copie-de-IMG_9618-768x576.jpg 768w, http:\/\/emafructidor.com\/ema\/wp-content\/uploads\/2021\/11\/Copie-de-IMG_9618-800x600.jpg 800w, http:\/\/emafructidor.com\/ema\/wp-content\/uploads\/2021\/11\/Copie-de-IMG_9618-1200x900.jpg 1200w\" sizes=\"(max-width: 300px) 100vw, 300px\" \/><\/a>\n\t\t\t<\/dt><\/dl><br style=\"clear: both\" \/><dl class='gallery-item'>\n\t\t\t<dt class='gallery-icon landscape'>\n\t\t\t\t<a data-rel=\"iLightbox[postimages]\" data-title=\"Julie Vacher\" data-caption=\"\" href='http:\/\/emafructidor.com\/ema\/copie-de-img_9617\/'><img width=\"300\" height=\"225\" src=\"http:\/\/emafructidor.com\/ema\/wp-content\/uploads\/2021\/11\/Copie-de-IMG_9617-300x225.jpg\" class=\"attachment-medium size-medium\" alt=\"\" loading=\"lazy\" srcset=\"http:\/\/emafructidor.com\/ema\/wp-content\/uploads\/2021\/11\/Copie-de-IMG_9617-200x150.jpg 200w, http:\/\/emafructidor.com\/ema\/wp-content\/uploads\/2021\/11\/Copie-de-IMG_9617-300x225.jpg 300w, http:\/\/emafructidor.com\/ema\/wp-content\/uploads\/2021\/11\/Copie-de-IMG_9617-400x300.jpg 400w, http:\/\/emafructidor.com\/ema\/wp-content\/uploads\/2021\/11\/Copie-de-IMG_9617-600x450.jpg 600w, http:\/\/emafructidor.com\/ema\/wp-content\/uploads\/2021\/11\/Copie-de-IMG_9617-700x525.jpg 700w, http:\/\/emafructidor.com\/ema\/wp-content\/uploads\/2021\/11\/Copie-de-IMG_9617-768x576.jpg 768w, http:\/\/emafructidor.com\/ema\/wp-content\/uploads\/2021\/11\/Copie-de-IMG_9617-800x600.jpg 800w, http:\/\/emafructidor.com\/ema\/wp-content\/uploads\/2021\/11\/Copie-de-IMG_9617-1200x900.jpg 1200w\" sizes=\"(max-width: 300px) 100vw, 300px\" \/><\/a>\n\t\t\t<\/dt><\/dl>\n\t\t\t<br style='clear: both' \/>\n\t\t<\/div>\n\n<\/div><div class=\"fusion-clearfix\"><\/div>\n\n\t\t\t\t\t<\/div>\n\t\t\t\t<\/div><\/div><\/div><\/p>\n","protected":false},"excerpt":{"rendered":"","protected":false},"author":9,"featured_media":0,"parent":0,"menu_order":0,"comment_status":"closed","ping_status":"closed","template":"","meta":{"ngg_post_thumbnail":0},"_links":{"self":[{"href":"http:\/\/emafructidor.com\/ema\/wp-json\/wp\/v2\/pages\/7797"}],"collection":[{"href":"http:\/\/emafructidor.com\/ema\/wp-json\/wp\/v2\/pages"}],"about":[{"href":"http:\/\/emafructidor.com\/ema\/wp-json\/wp\/v2\/types\/page"}],"author":[{"embeddable":true,"href":"http:\/\/emafructidor.com\/ema\/wp-json\/wp\/v2\/users\/9"}],"replies":[{"embeddable":true,"href":"http:\/\/emafructidor.com\/ema\/wp-json\/wp\/v2\/comments?post=7797"}],"version-history":[{"count":3,"href":"http:\/\/emafructidor.com\/ema\/wp-json\/wp\/v2\/pages\/7797\/revisions"}],"predecessor-version":[{"id":7866,"href":"http:\/\/emafructidor.com\/ema\/wp-json\/wp\/v2\/pages\/7797\/revisions\/7866"}],"wp:attachment":[{"href":"http:\/\/emafructidor.com\/ema\/wp-json\/wp\/v2\/media?parent=7797"}],"curies":[{"name":"wp","href":"https:\/\/api.w.org\/{rel}","templated":true}]}}