{"id":7802,"date":"2021-11-12T14:24:06","date_gmt":"2021-11-12T13:24:06","guid":{"rendered":"http:\/\/emafructidor.com\/ema\/?page_id=7802"},"modified":"2021-11-12T15:21:32","modified_gmt":"2021-11-12T14:21:32","slug":"catherine-grostabuissat","status":"publish","type":"page","link":"http:\/\/emafructidor.com\/ema\/catherine-grostabuissat\/","title":{"rendered":"Catherine Grostabuissat"},"content":{"rendered":"<div class=\"fusion-fullwidth fullwidth-box nonhundred-percent-fullwidth non-hundred-percent-height-scrolling\"  style='background-color: #ffffff;background-position: center center;background-repeat: no-repeat;padding-top:0px;padding-right:0px;padding-bottom:0px;padding-left:0px;'><div class=\"fusion-builder-row fusion-row \"><div  class=\"fusion-layout-column fusion_builder_column fusion_builder_column_1_1  fusion-one-full fusion-column-first fusion-column-last 1_1\"  style='margin-top:0px;margin-bottom:0px;'>\n\t\t\t\t\t<div class=\"fusion-column-wrapper\" style=\"background-position:left top;background-repeat:no-repeat;-webkit-background-size:cover;-moz-background-size:cover;-o-background-size:cover;background-size:cover;\"  data-bg-url=\"\">\n\t\t\t\t\t\t<div class=\"fusion-text\"><h1 style=\"text-align: center;\">Philosopher et bricoler, un workshop anim\u00e9 par Catherine Grostabuissat, propos\u00e9 par Jean-Luc Lucquin<\/h1>\n<\/div><div class=\"fusion-text\"><p class=\"_04xlpA direction-ltr align-justify para-style-body\"><span class=\"JsGRdQ\">N\u00e9e dans le Jura, Catherine Grostabussiat est plasticienne, dipl\u00f4m\u00e9e de l\u2019\u00c9cole Nationale Sup\u00e9rieure d\u2019Arts de Dijon \u2013 DNSEP\/Art, certifi\u00e9e en arts plastiques et auteure de l\u2019ouvrage \u00ab L\u2019Art en jeu \u2013 Cr\u00e9er, fabriquer, jouer \u00bb \u00e9d Canop\u00e9. Sa recherche plastique s\u2019articule entre l\u2019espace et sa perception, dans ses dimensions physiques et antropologiques. C\u2019est par un jeu d\u2019\u00e9tirement syst\u00e9matique vers le haut qu\u2019elle a r\u00e9alis\u00e9 une s\u00e9rie de sculptures-objets questionnant le rapport entre fiction et r\u00e9alit\u00e9.<\/span><\/p>\n<p class=\"_04xlpA direction-ltr align-justify para-style-body\"><span class=\"JsGRdQ\">\u00c0 l\u2019issu d\u2019une r\u00e9sidence de cr\u00e9ation danse, musique, arts plastiques, elle int\u00e8gre progressivement le son dans sa pratique artistique sous forme de performance sonore. Aujourd\u2019hui, elle travaille en collaboration avec un musicien ing\u00e9nieur du son dans une recherche d&rsquo;affinit\u00e9 et de glissement du visible dans l&rsquo;audible.<\/span><\/p>\n<\/div><div class=\"fusion-text\">\n\t\t<style type=\"text\/css\">\n\t\t\t#gallery-1 {\n\t\t\t\tmargin: auto;\n\t\t\t}\n\t\t\t#gallery-1 .gallery-item {\n\t\t\t\tfloat: left;\n\t\t\t\tmargin-top: 10px;\n\t\t\t\ttext-align: center;\n\t\t\t\twidth: 33%;\n\t\t\t}\n\t\t\t#gallery-1 img {\n\t\t\t\tborder: 2px solid #cfcfcf;\n\t\t\t}\n\t\t\t#gallery-1 .gallery-caption {\n\t\t\t\tmargin-left: 0;\n\t\t\t}\n\t\t\t\/* see gallery_shortcode() in wp-includes\/media.php *\/\n\t\t<\/style>\n\t\t<div id='gallery-1' class='gallery galleryid-7802 gallery-columns-3 gallery-size-large'><dl class='gallery-item'>\n\t\t\t<dt class='gallery-icon portrait'>\n\t\t\t\t<a data-rel=\"iLightbox[postimages]\" data-title=\"Catherine Grostabuissat\" data-caption=\"\" href='http:\/\/emafructidor.com\/ema\/catherine-grostabuissat\/agathe-2\/'><img width=\"493\" height=\"700\" src=\"http:\/\/emafructidor.com\/ema\/wp-content\/uploads\/2021\/11\/agathe-493x700.png\" class=\"attachment-large size-large\" alt=\"\" loading=\"lazy\" srcset=\"http:\/\/emafructidor.com\/ema\/wp-content\/uploads\/2021\/11\/agathe-200x284.png 200w, http:\/\/emafructidor.com\/ema\/wp-content\/uploads\/2021\/11\/agathe-211x300.png 211w, http:\/\/emafructidor.com\/ema\/wp-content\/uploads\/2021\/11\/agathe-400x568.png 400w, http:\/\/emafructidor.com\/ema\/wp-content\/uploads\/2021\/11\/agathe-493x700.png 493w, http:\/\/emafructidor.com\/ema\/wp-content\/uploads\/2021\/11\/agathe-600x852.png 600w, http:\/\/emafructidor.com\/ema\/wp-content\/uploads\/2021\/11\/agathe.png 656w\" sizes=\"(max-width: 493px) 100vw, 493px\" \/><\/a>\n\t\t\t<\/dt><\/dl><dl class='gallery-item'>\n\t\t\t<dt class='gallery-icon portrait'>\n\t\t\t\t<a data-rel=\"iLightbox[postimages]\" data-title=\"Catherine Grostabuissat\" data-caption=\"\" href='http:\/\/emafructidor.com\/ema\/catherine-grostabuissat\/jiseon\/'><img width=\"490\" height=\"700\" src=\"http:\/\/emafructidor.com\/ema\/wp-content\/uploads\/2021\/11\/jiseon-490x700.png\" class=\"attachment-large size-large\" alt=\"\" loading=\"lazy\" srcset=\"http:\/\/emafructidor.com\/ema\/wp-content\/uploads\/2021\/11\/jiseon-200x285.png 200w, http:\/\/emafructidor.com\/ema\/wp-content\/uploads\/2021\/11\/jiseon-210x300.png 210w, http:\/\/emafructidor.com\/ema\/wp-content\/uploads\/2021\/11\/jiseon-400x571.png 400w, http:\/\/emafructidor.com\/ema\/wp-content\/uploads\/2021\/11\/jiseon-490x700.png 490w, http:\/\/emafructidor.com\/ema\/wp-content\/uploads\/2021\/11\/jiseon-600x856.png 600w, http:\/\/emafructidor.com\/ema\/wp-content\/uploads\/2021\/11\/jiseon-768x1096.png 768w, http:\/\/emafructidor.com\/ema\/wp-content\/uploads\/2021\/11\/jiseon-800x1142.png 800w, http:\/\/emafructidor.com\/ema\/wp-content\/uploads\/2021\/11\/jiseon.png 964w\" sizes=\"(max-width: 490px) 100vw, 490px\" \/><\/a>\n\t\t\t<\/dt><\/dl><dl class='gallery-item'>\n\t\t\t<dt class='gallery-icon portrait'>\n\t\t\t\t<a data-rel=\"iLightbox[postimages]\" data-title=\"Catherine Grostabuissat\" data-caption=\"\" href='http:\/\/emafructidor.com\/ema\/catherine-grostabuissat\/marguerite-2\/'><img width=\"483\" height=\"700\" src=\"http:\/\/emafructidor.com\/ema\/wp-content\/uploads\/2021\/11\/marguerite-483x700.png\" class=\"attachment-large size-large\" alt=\"\" loading=\"lazy\" srcset=\"http:\/\/emafructidor.com\/ema\/wp-content\/uploads\/2021\/11\/marguerite-200x290.png 200w, http:\/\/emafructidor.com\/ema\/wp-content\/uploads\/2021\/11\/marguerite-207x300.png 207w, http:\/\/emafructidor.com\/ema\/wp-content\/uploads\/2021\/11\/marguerite-400x580.png 400w, http:\/\/emafructidor.com\/ema\/wp-content\/uploads\/2021\/11\/marguerite-483x700.png 483w, http:\/\/emafructidor.com\/ema\/wp-content\/uploads\/2021\/11\/marguerite.png 528w\" sizes=\"(max-width: 483px) 100vw, 483px\" \/><\/a>\n\t\t\t<\/dt><\/dl><br style=\"clear: both\" \/><dl class='gallery-item'>\n\t\t\t<dt class='gallery-icon portrait'>\n\t\t\t\t<a data-rel=\"iLightbox[postimages]\" data-title=\"Catherine Grostabuissat\" data-caption=\"\" href='http:\/\/emafructidor.com\/ema\/catherine-grostabuissat\/yannice-2\/'><img width=\"492\" height=\"700\" src=\"http:\/\/emafructidor.com\/ema\/wp-content\/uploads\/2021\/11\/yannice-492x700.png\" class=\"attachment-large size-large\" alt=\"\" loading=\"lazy\" srcset=\"http:\/\/emafructidor.com\/ema\/wp-content\/uploads\/2021\/11\/yannice-200x285.png 200w, http:\/\/emafructidor.com\/ema\/wp-content\/uploads\/2021\/11\/yannice-211x300.png 211w, http:\/\/emafructidor.com\/ema\/wp-content\/uploads\/2021\/11\/yannice-400x569.png 400w, http:\/\/emafructidor.com\/ema\/wp-content\/uploads\/2021\/11\/yannice-492x700.png 492w, http:\/\/emafructidor.com\/ema\/wp-content\/uploads\/2021\/11\/yannice-600x854.png 600w, http:\/\/emafructidor.com\/ema\/wp-content\/uploads\/2021\/11\/yannice-768x1093.png 768w, http:\/\/emafructidor.com\/ema\/wp-content\/uploads\/2021\/11\/yannice-800x1138.png 800w, http:\/\/emafructidor.com\/ema\/wp-content\/uploads\/2021\/11\/yannice.png 880w\" sizes=\"(max-width: 492px) 100vw, 492px\" \/><\/a>\n\t\t\t<\/dt><\/dl><dl class='gallery-item'>\n\t\t\t<dt class='gallery-icon portrait'>\n\t\t\t\t<a data-rel=\"iLightbox[postimages]\" data-title=\"Catherine Grostabuissat\" data-caption=\"\" href='http:\/\/emafructidor.com\/ema\/catherine-grostabuissat\/yu-chien-3\/'><img width=\"472\" height=\"700\" src=\"http:\/\/emafructidor.com\/ema\/wp-content\/uploads\/2021\/11\/yu-chien-1-472x700.png\" class=\"attachment-large size-large\" alt=\"\" loading=\"lazy\" srcset=\"http:\/\/emafructidor.com\/ema\/wp-content\/uploads\/2021\/11\/yu-chien-1-200x297.png 200w, http:\/\/emafructidor.com\/ema\/wp-content\/uploads\/2021\/11\/yu-chien-1-202x300.png 202w, http:\/\/emafructidor.com\/ema\/wp-content\/uploads\/2021\/11\/yu-chien-1-400x594.png 400w, http:\/\/emafructidor.com\/ema\/wp-content\/uploads\/2021\/11\/yu-chien-1-472x700.png 472w, http:\/\/emafructidor.com\/ema\/wp-content\/uploads\/2021\/11\/yu-chien-1-600x891.png 600w, http:\/\/emafructidor.com\/ema\/wp-content\/uploads\/2021\/11\/yu-chien-1-768x1140.png 768w, http:\/\/emafructidor.com\/ema\/wp-content\/uploads\/2021\/11\/yu-chien-1-800x1188.png 800w, http:\/\/emafructidor.com\/ema\/wp-content\/uploads\/2021\/11\/yu-chien-1.png 840w\" sizes=\"(max-width: 472px) 100vw, 472px\" \/><\/a>\n\t\t\t<\/dt><\/dl>\n\t\t\t<br style='clear: both' \/>\n\t\t<\/div>\n\n<\/div><div class=\"fusion-clearfix\"><\/div>\n\n\t\t\t\t\t<\/div>\n\t\t\t\t<\/div><\/div><\/div>\n","protected":false},"excerpt":{"rendered":"","protected":false},"author":9,"featured_media":0,"parent":0,"menu_order":0,"comment_status":"closed","ping_status":"closed","template":"","meta":{"ngg_post_thumbnail":0},"_links":{"self":[{"href":"http:\/\/emafructidor.com\/ema\/wp-json\/wp\/v2\/pages\/7802"}],"collection":[{"href":"http:\/\/emafructidor.com\/ema\/wp-json\/wp\/v2\/pages"}],"about":[{"href":"http:\/\/emafructidor.com\/ema\/wp-json\/wp\/v2\/types\/page"}],"author":[{"embeddable":true,"href":"http:\/\/emafructidor.com\/ema\/wp-json\/wp\/v2\/users\/9"}],"replies":[{"embeddable":true,"href":"http:\/\/emafructidor.com\/ema\/wp-json\/wp\/v2\/comments?post=7802"}],"version-history":[{"count":4,"href":"http:\/\/emafructidor.com\/ema\/wp-json\/wp\/v2\/pages\/7802\/revisions"}],"predecessor-version":[{"id":7818,"href":"http:\/\/emafructidor.com\/ema\/wp-json\/wp\/v2\/pages\/7802\/revisions\/7818"}],"wp:attachment":[{"href":"http:\/\/emafructidor.com\/ema\/wp-json\/wp\/v2\/media?parent=7802"}],"curies":[{"name":"wp","href":"https:\/\/api.w.org\/{rel}","templated":true}]}}