{"id":7822,"date":"2021-11-15T09:56:35","date_gmt":"2021-11-15T08:56:35","guid":{"rendered":"http:\/\/emafructidor.com\/ema\/?page_id=7822"},"modified":"2021-11-15T09:56:35","modified_gmt":"2021-11-15T08:56:35","slug":"joris-guibert","status":"publish","type":"page","link":"http:\/\/emafructidor.com\/ema\/joris-guibert\/","title":{"rendered":"Joris Guibert"},"content":{"rendered":"<p><div class=\"fusion-fullwidth fullwidth-box nonhundred-percent-fullwidth non-hundred-percent-height-scrolling\"  style='background-color: #ffffff;background-position: center center;background-repeat: no-repeat;padding-top:0px;padding-right:0px;padding-bottom:0px;padding-left:0px;'><div class=\"fusion-builder-row fusion-row \"><div  class=\"fusion-layout-column fusion_builder_column fusion_builder_column_1_1  fusion-one-full fusion-column-first fusion-column-last 1_1\"  style='margin-top:0px;margin-bottom:20px;'>\n\t\t\t\t\t<div class=\"fusion-column-wrapper\" style=\"background-position:left top;background-repeat:no-repeat;-webkit-background-size:cover;-moz-background-size:cover;-o-background-size:cover;background-size:cover;\"  data-bg-url=\"\">\n\t\t\t\t\t\t<div class=\"fusion-text\"><h1 style=\"text-align: center;\">Bruit \/ bris de l&rsquo;image, un workshop anim\u00e9 par Joris Guibert et propos\u00e9 par Olivier Perriquet<\/h1>\n<\/div><div class=\"fusion-text\"><p class=\"_04xlpA direction-ltr align-justify para-style-body\"><span class=\"JsGRdQ\"><a href=\"http:\/\/khroma-soma.com\/\">Joris Guibert<\/a> est vid\u00e9aste plasticien, enseignant en photographie et cin\u00e9ma, et chercheur ind\u00e9pendant.<\/span><\/p>\n<p class=\"_04xlpA direction-ltr align-justify para-style-body\"><span class=\"JsGRdQ\">Ses travaux de recherches \u00e9tudient les cultures visuelles, et l\u2019esth\u00e9tique des images en mouvement. Ils ont \u00e9t\u00e9 publi\u00e9s par les revues CiN\u00e9MAS (\u00e9dit\u00e9e par l\u2019Universit\u00e9 de Montr\u00e9al), Turbulences vid\u00e9o (\u00e9dit\u00e9e par Vid\u00e9oformes) et L\u2019autre musique (\u00e9dit\u00e9e par l\u2019Institut ACTE \u2013 CNRS, Universit\u00e9 de Paris 1 Panth\u00e9on-Sorbonne). Il a \u00e9galement \u00e9crit durant un an dans Revue &amp; corrig\u00e9e un essai sur les \u00e9critures audiovisuelles (cin\u00e9ma, vid\u00e9o et performance).<\/span><\/p>\n<p class=\"_04xlpA direction-ltr align-justify para-style-body\"><span class=\"JsGRdQ\">Ses films et installations ont \u00e9t\u00e9 pr\u00e9sent\u00e9s en France et \u00e0 l\u2019international aux c\u00f4t\u00e9s d\u2019artistes tels que Nam June Paik, Bill Viola, John Sanborn, Michel Jaffrenou, Catherine Ikam : exposition personnelle \u00e0 la Film Gallery des \u00e9ditions Re:voir (Paris), ou exposition collective comme Atout Paik (commissariat Jean-Paul Fargier), Festival International d\u2019Art Vid\u00e9o de Casablanca (Maroc), Bruits (Cit\u00e9 du Cin\u00e9ma, Institut ACTE Universit\u00e9 Sorbonne Paris 1 \/ CNRS \/ ENS Louis-Lumi\u00e8re), Festival international des arts de lumi\u00e8re Interference (Tunisie).<\/span><\/p>\n<p class=\"_04xlpA direction-ltr align-justify para-style-body\"><span class=\"JsGRdQ\">Son travail de performance audiovisuelle a \u00e9t\u00e9 r\u00e9alis\u00e9 notamment \u00e0 la Cit\u00e9 des Sciences et de l\u2019Industrie (Vision\u2019R, Paris), aux Subsistances (Mirage festival, Lyon), au Centre d\u2019art Sporobole (Canada), \u00e0 l\u2019Institut Fran\u00e7ais de Tunisie (Tunis).<\/span><\/p>\n<\/div><div class=\"fusion-text\">\n\t\t<style type=\"text\/css\">\n\t\t\t#gallery-1 {\n\t\t\t\tmargin: auto;\n\t\t\t}\n\t\t\t#gallery-1 .gallery-item {\n\t\t\t\tfloat: left;\n\t\t\t\tmargin-top: 10px;\n\t\t\t\ttext-align: center;\n\t\t\t\twidth: 33%;\n\t\t\t}\n\t\t\t#gallery-1 img {\n\t\t\t\tborder: 2px solid #cfcfcf;\n\t\t\t}\n\t\t\t#gallery-1 .gallery-caption {\n\t\t\t\tmargin-left: 0;\n\t\t\t}\n\t\t\t\/* see gallery_shortcode() in wp-includes\/media.php *\/\n\t\t<\/style>\n\t\t<div id='gallery-1' class='gallery galleryid-7822 gallery-columns-3 gallery-size-medium'><dl class='gallery-item'>\n\t\t\t<dt class='gallery-icon landscape'>\n\t\t\t\t<a data-rel=\"iLightbox[postimages]\" data-title=\"Joris Guibert\" data-caption=\"\" href='http:\/\/emafructidor.com\/ema\/img_4084\/'><img width=\"300\" height=\"225\" src=\"http:\/\/emafructidor.com\/ema\/wp-content\/uploads\/2021\/11\/IMG_4084-300x225.jpg\" class=\"attachment-medium size-medium\" alt=\"\" loading=\"lazy\" srcset=\"http:\/\/emafructidor.com\/ema\/wp-content\/uploads\/2021\/11\/IMG_4084-200x150.jpg 200w, http:\/\/emafructidor.com\/ema\/wp-content\/uploads\/2021\/11\/IMG_4084-300x225.jpg 300w, http:\/\/emafructidor.com\/ema\/wp-content\/uploads\/2021\/11\/IMG_4084-400x300.jpg 400w, http:\/\/emafructidor.com\/ema\/wp-content\/uploads\/2021\/11\/IMG_4084-600x450.jpg 600w, http:\/\/emafructidor.com\/ema\/wp-content\/uploads\/2021\/11\/IMG_4084-700x525.jpg 700w, http:\/\/emafructidor.com\/ema\/wp-content\/uploads\/2021\/11\/IMG_4084-768x576.jpg 768w, http:\/\/emafructidor.com\/ema\/wp-content\/uploads\/2021\/11\/IMG_4084-800x600.jpg 800w, http:\/\/emafructidor.com\/ema\/wp-content\/uploads\/2021\/11\/IMG_4084-1200x900.jpg 1200w\" sizes=\"(max-width: 300px) 100vw, 300px\" \/><\/a>\n\t\t\t<\/dt><\/dl><dl class='gallery-item'>\n\t\t\t<dt class='gallery-icon portrait'>\n\t\t\t\t<a data-rel=\"iLightbox[postimages]\" data-title=\"Joris Guibert\" data-caption=\"\" href='http:\/\/emafructidor.com\/ema\/img_4082\/'><img width=\"225\" height=\"300\" src=\"http:\/\/emafructidor.com\/ema\/wp-content\/uploads\/2021\/11\/IMG_4082-225x300.jpg\" class=\"attachment-medium size-medium\" alt=\"\" loading=\"lazy\" srcset=\"http:\/\/emafructidor.com\/ema\/wp-content\/uploads\/2021\/11\/IMG_4082-200x267.jpg 200w, http:\/\/emafructidor.com\/ema\/wp-content\/uploads\/2021\/11\/IMG_4082-225x300.jpg 225w, http:\/\/emafructidor.com\/ema\/wp-content\/uploads\/2021\/11\/IMG_4082-400x533.jpg 400w, http:\/\/emafructidor.com\/ema\/wp-content\/uploads\/2021\/11\/IMG_4082-525x700.jpg 525w, http:\/\/emafructidor.com\/ema\/wp-content\/uploads\/2021\/11\/IMG_4082-600x800.jpg 600w, http:\/\/emafructidor.com\/ema\/wp-content\/uploads\/2021\/11\/IMG_4082-768x1024.jpg 768w, http:\/\/emafructidor.com\/ema\/wp-content\/uploads\/2021\/11\/IMG_4082-800x1067.jpg 800w, http:\/\/emafructidor.com\/ema\/wp-content\/uploads\/2021\/11\/IMG_4082-1200x1600.jpg 1200w\" sizes=\"(max-width: 225px) 100vw, 225px\" \/><\/a>\n\t\t\t<\/dt><\/dl><dl class='gallery-item'>\n\t\t\t<dt class='gallery-icon landscape'>\n\t\t\t\t<a data-rel=\"iLightbox[postimages]\" data-title=\"Joris Guibert\" data-caption=\"\" href='http:\/\/emafructidor.com\/ema\/img_4098\/'><img width=\"300\" height=\"225\" src=\"http:\/\/emafructidor.com\/ema\/wp-content\/uploads\/2021\/11\/IMG_4098-300x225.jpg\" class=\"attachment-medium size-medium\" alt=\"\" loading=\"lazy\" srcset=\"http:\/\/emafructidor.com\/ema\/wp-content\/uploads\/2021\/11\/IMG_4098-200x150.jpg 200w, http:\/\/emafructidor.com\/ema\/wp-content\/uploads\/2021\/11\/IMG_4098-300x225.jpg 300w, http:\/\/emafructidor.com\/ema\/wp-content\/uploads\/2021\/11\/IMG_4098-400x300.jpg 400w, http:\/\/emafructidor.com\/ema\/wp-content\/uploads\/2021\/11\/IMG_4098-600x450.jpg 600w, http:\/\/emafructidor.com\/ema\/wp-content\/uploads\/2021\/11\/IMG_4098-700x525.jpg 700w, http:\/\/emafructidor.com\/ema\/wp-content\/uploads\/2021\/11\/IMG_4098-768x576.jpg 768w, http:\/\/emafructidor.com\/ema\/wp-content\/uploads\/2021\/11\/IMG_4098-800x600.jpg 800w, http:\/\/emafructidor.com\/ema\/wp-content\/uploads\/2021\/11\/IMG_4098-1200x900.jpg 1200w\" sizes=\"(max-width: 300px) 100vw, 300px\" \/><\/a>\n\t\t\t<\/dt><\/dl><br style=\"clear: both\" \/><dl class='gallery-item'>\n\t\t\t<dt class='gallery-icon landscape'>\n\t\t\t\t<a data-rel=\"iLightbox[postimages]\" data-title=\"Joris Guibert\" data-caption=\"\" href='http:\/\/emafructidor.com\/ema\/img_4088\/'><img width=\"300\" height=\"225\" src=\"http:\/\/emafructidor.com\/ema\/wp-content\/uploads\/2021\/11\/IMG_4088-300x225.jpg\" class=\"attachment-medium size-medium\" alt=\"\" loading=\"lazy\" srcset=\"http:\/\/emafructidor.com\/ema\/wp-content\/uploads\/2021\/11\/IMG_4088-200x150.jpg 200w, http:\/\/emafructidor.com\/ema\/wp-content\/uploads\/2021\/11\/IMG_4088-300x225.jpg 300w, http:\/\/emafructidor.com\/ema\/wp-content\/uploads\/2021\/11\/IMG_4088-400x300.jpg 400w, http:\/\/emafructidor.com\/ema\/wp-content\/uploads\/2021\/11\/IMG_4088-600x450.jpg 600w, http:\/\/emafructidor.com\/ema\/wp-content\/uploads\/2021\/11\/IMG_4088-700x525.jpg 700w, http:\/\/emafructidor.com\/ema\/wp-content\/uploads\/2021\/11\/IMG_4088-768x576.jpg 768w, http:\/\/emafructidor.com\/ema\/wp-content\/uploads\/2021\/11\/IMG_4088-800x600.jpg 800w, http:\/\/emafructidor.com\/ema\/wp-content\/uploads\/2021\/11\/IMG_4088-1200x900.jpg 1200w\" sizes=\"(max-width: 300px) 100vw, 300px\" \/><\/a>\n\t\t\t<\/dt><\/dl><dl class='gallery-item'>\n\t\t\t<dt class='gallery-icon landscape'>\n\t\t\t\t<a data-rel=\"iLightbox[postimages]\" data-title=\"Joris Guibert\" data-caption=\"\" href='http:\/\/emafructidor.com\/ema\/img_4087\/'><img width=\"300\" height=\"225\" src=\"http:\/\/emafructidor.com\/ema\/wp-content\/uploads\/2021\/11\/IMG_4087-300x225.jpg\" class=\"attachment-medium size-medium\" alt=\"\" loading=\"lazy\" srcset=\"http:\/\/emafructidor.com\/ema\/wp-content\/uploads\/2021\/11\/IMG_4087-200x150.jpg 200w, http:\/\/emafructidor.com\/ema\/wp-content\/uploads\/2021\/11\/IMG_4087-300x225.jpg 300w, http:\/\/emafructidor.com\/ema\/wp-content\/uploads\/2021\/11\/IMG_4087-400x300.jpg 400w, http:\/\/emafructidor.com\/ema\/wp-content\/uploads\/2021\/11\/IMG_4087-600x450.jpg 600w, http:\/\/emafructidor.com\/ema\/wp-content\/uploads\/2021\/11\/IMG_4087-700x525.jpg 700w, http:\/\/emafructidor.com\/ema\/wp-content\/uploads\/2021\/11\/IMG_4087-768x576.jpg 768w, http:\/\/emafructidor.com\/ema\/wp-content\/uploads\/2021\/11\/IMG_4087-800x600.jpg 800w, http:\/\/emafructidor.com\/ema\/wp-content\/uploads\/2021\/11\/IMG_4087-1200x900.jpg 1200w\" sizes=\"(max-width: 300px) 100vw, 300px\" \/><\/a>\n\t\t\t<\/dt><\/dl><dl class='gallery-item'>\n\t\t\t<dt class='gallery-icon landscape'>\n\t\t\t\t<a data-rel=\"iLightbox[postimages]\" data-title=\"Joris Guibert\" data-caption=\"\" href='http:\/\/emafructidor.com\/ema\/img_4086\/'><img width=\"300\" height=\"225\" src=\"http:\/\/emafructidor.com\/ema\/wp-content\/uploads\/2021\/11\/IMG_4086-300x225.jpg\" class=\"attachment-medium size-medium\" alt=\"\" loading=\"lazy\" srcset=\"http:\/\/emafructidor.com\/ema\/wp-content\/uploads\/2021\/11\/IMG_4086-200x150.jpg 200w, http:\/\/emafructidor.com\/ema\/wp-content\/uploads\/2021\/11\/IMG_4086-300x225.jpg 300w, http:\/\/emafructidor.com\/ema\/wp-content\/uploads\/2021\/11\/IMG_4086-400x300.jpg 400w, http:\/\/emafructidor.com\/ema\/wp-content\/uploads\/2021\/11\/IMG_4086-600x450.jpg 600w, http:\/\/emafructidor.com\/ema\/wp-content\/uploads\/2021\/11\/IMG_4086-700x525.jpg 700w, http:\/\/emafructidor.com\/ema\/wp-content\/uploads\/2021\/11\/IMG_4086-768x576.jpg 768w, http:\/\/emafructidor.com\/ema\/wp-content\/uploads\/2021\/11\/IMG_4086-800x600.jpg 800w, http:\/\/emafructidor.com\/ema\/wp-content\/uploads\/2021\/11\/IMG_4086-1200x900.jpg 1200w\" sizes=\"(max-width: 300px) 100vw, 300px\" \/><\/a>\n\t\t\t<\/dt><\/dl><br style=\"clear: both\" \/><dl class='gallery-item'>\n\t\t\t<dt class='gallery-icon landscape'>\n\t\t\t\t<a data-rel=\"iLightbox[postimages]\" data-title=\"Joris Guibert\" data-caption=\"\" href='http:\/\/emafructidor.com\/ema\/img_4085\/'><img width=\"300\" height=\"225\" src=\"http:\/\/emafructidor.com\/ema\/wp-content\/uploads\/2021\/11\/IMG_4085-300x225.jpg\" class=\"attachment-medium size-medium\" alt=\"\" loading=\"lazy\" srcset=\"http:\/\/emafructidor.com\/ema\/wp-content\/uploads\/2021\/11\/IMG_4085-200x150.jpg 200w, http:\/\/emafructidor.com\/ema\/wp-content\/uploads\/2021\/11\/IMG_4085-300x225.jpg 300w, http:\/\/emafructidor.com\/ema\/wp-content\/uploads\/2021\/11\/IMG_4085-400x300.jpg 400w, http:\/\/emafructidor.com\/ema\/wp-content\/uploads\/2021\/11\/IMG_4085-600x450.jpg 600w, http:\/\/emafructidor.com\/ema\/wp-content\/uploads\/2021\/11\/IMG_4085-700x525.jpg 700w, http:\/\/emafructidor.com\/ema\/wp-content\/uploads\/2021\/11\/IMG_4085-768x576.jpg 768w, http:\/\/emafructidor.com\/ema\/wp-content\/uploads\/2021\/11\/IMG_4085-800x600.jpg 800w, http:\/\/emafructidor.com\/ema\/wp-content\/uploads\/2021\/11\/IMG_4085-1200x900.jpg 1200w\" sizes=\"(max-width: 300px) 100vw, 300px\" \/><\/a>\n\t\t\t<\/dt><\/dl>\n\t\t\t<br style='clear: both' \/>\n\t\t<\/div>\n\n<\/div><div class=\"fusion-text\"><div style=\"width: 1140px;\" class=\"wp-video\"><!--[if lt IE 9]><script>document.createElement('video');<\/script><![endif]-->\n<video class=\"wp-video-shortcode\" id=\"video-7822-1\" width=\"1140\" height=\"641\" preload=\"metadata\" controls=\"controls\"><source type=\"video\/mp4\" src=\"http:\/\/emafructidor.com\/ema\/wp-content\/uploads\/2021\/11\/IMG_4089.m4v?_=1\" \/><a href=\"http:\/\/emafructidor.com\/ema\/wp-content\/uploads\/2021\/11\/IMG_4089.m4v\">http:\/\/emafructidor.com\/ema\/wp-content\/uploads\/2021\/11\/IMG_4089.m4v<\/a><\/video><\/div>\n<\/div><div class=\"fusion-clearfix\"><\/div>\n\n\t\t\t\t\t<\/div>\n\t\t\t\t<\/div><\/div><\/div><div class=\"fusion-fullwidth fullwidth-box nonhundred-percent-fullwidth non-hundred-percent-height-scrolling\"  style='background-color: #ffffff;background-position: center center;background-repeat: no-repeat;padding-top:0px;padding-right:0px;padding-bottom:0px;padding-left:0px;'><div class=\"fusion-builder-row fusion-row \"><div  class=\"fusion-layout-column fusion_builder_column fusion_builder_column_1_1  fusion-one-full fusion-column-first fusion-column-last 1_1\"  style='margin-top:0px;margin-bottom:0px;'>\n\t\t\t\t\t<div class=\"fusion-column-wrapper\" style=\"background-position:left top;background-repeat:no-repeat;-webkit-background-size:cover;-moz-background-size:cover;-o-background-size:cover;background-size:cover;\"  data-bg-url=\"\">\n\t\t\t\t\t\t<div class=\"fusion-clearfix\"><\/div>\n\n\t\t\t\t\t<\/div>\n\t\t\t\t<\/div><\/div><\/div><\/p>\n","protected":false},"excerpt":{"rendered":"","protected":false},"author":9,"featured_media":0,"parent":0,"menu_order":0,"comment_status":"closed","ping_status":"closed","template":"","meta":{"ngg_post_thumbnail":0},"_links":{"self":[{"href":"http:\/\/emafructidor.com\/ema\/wp-json\/wp\/v2\/pages\/7822"}],"collection":[{"href":"http:\/\/emafructidor.com\/ema\/wp-json\/wp\/v2\/pages"}],"about":[{"href":"http:\/\/emafructidor.com\/ema\/wp-json\/wp\/v2\/types\/page"}],"author":[{"embeddable":true,"href":"http:\/\/emafructidor.com\/ema\/wp-json\/wp\/v2\/users\/9"}],"replies":[{"embeddable":true,"href":"http:\/\/emafructidor.com\/ema\/wp-json\/wp\/v2\/comments?post=7822"}],"version-history":[{"count":2,"href":"http:\/\/emafructidor.com\/ema\/wp-json\/wp\/v2\/pages\/7822\/revisions"}],"predecessor-version":[{"id":7832,"href":"http:\/\/emafructidor.com\/ema\/wp-json\/wp\/v2\/pages\/7822\/revisions\/7832"}],"wp:attachment":[{"href":"http:\/\/emafructidor.com\/ema\/wp-json\/wp\/v2\/media?parent=7822"}],"curies":[{"name":"wp","href":"https:\/\/api.w.org\/{rel}","templated":true}]}}