{"id":7841,"date":"2021-11-12T15:51:18","date_gmt":"2021-11-12T14:51:18","guid":{"rendered":"http:\/\/emafructidor.com\/ema\/?page_id=7841"},"modified":"2021-11-12T15:51:18","modified_gmt":"2021-11-12T14:51:18","slug":"brieuc-de-la-fourniere","status":"publish","type":"page","link":"http:\/\/emafructidor.com\/ema\/brieuc-de-la-fourniere\/","title":{"rendered":"Brieuc de la Fourni\u00e8re"},"content":{"rendered":"<div class=\"fusion-fullwidth fullwidth-box nonhundred-percent-fullwidth non-hundred-percent-height-scrolling\"  style='background-color: #ffffff;background-position: center center;background-repeat: no-repeat;padding-top:0px;padding-right:0px;padding-bottom:0px;padding-left:0px;'><div class=\"fusion-builder-row fusion-row \"><div  class=\"fusion-layout-column fusion_builder_column fusion_builder_column_1_1  fusion-one-full fusion-column-first fusion-column-last 1_1\"  style='margin-top:0px;margin-bottom:0px;'>\n\t\t\t\t\t<div class=\"fusion-column-wrapper\" style=\"background-position:left top;background-repeat:no-repeat;-webkit-background-size:cover;-moz-background-size:cover;-o-background-size:cover;background-size:cover;\"  data-bg-url=\"\">\n\t\t\t\t\t\t<div class=\"fusion-text\"><h1 style=\"text-align: center;\">Contexte mercantile et \u0153uvre d&rsquo;art, un workshop anim\u00e9 par Brieuc de la Fourni\u00e8re, propos\u00e9 par Marie-Emeric Desbois-Gance<\/h1>\n<\/div><div class=\"fusion-text\"><p class=\"_04xlpA direction-ltr align-justify para-style-body\"><span class=\"JsGRdQ\"><a href=\"https:\/\/www.galeriecadransolaire.com\/\">Brieuc de la Fourni\u00e8re<\/a> est galeriste \u00e0 Beaune avec son \u00e9pouse depuis 2 ans. Il s&rsquo;agit de l&rsquo;aboutissement d&rsquo;un parcours personnel qui a commenc\u00e9 par une licence d&rsquo;Histoire de l&rsquo;Art et arch\u00e9ologie pour ensuite obtenir un D.N.A.P. \u00e0 l&rsquo;E.N.S.A. Dijon.<\/span><\/p>\n<p class=\"_04xlpA direction-ltr align-justify para-style-body\"><span class=\"JsGRdQ\">Infographiste ind\u00e9pendant pendant 5 ans au sortir de ses \u00e9tudes, Il a ensuite travaill\u00e9 pendant 5 ans dans une galerie d&rsquo;art \u00e0 Beaune, avant de d\u00e9cider avec sa femme de pr\u00e9senter leur propre s\u00e9lection d&rsquo;artistes, en cr\u00e9ant leur galerie au c\u0153ur du centre-ville.<\/span><\/p>\n<\/div><div class=\"fusion-text\">\n\t\t<style type=\"text\/css\">\n\t\t\t#gallery-1 {\n\t\t\t\tmargin: auto;\n\t\t\t}\n\t\t\t#gallery-1 .gallery-item {\n\t\t\t\tfloat: left;\n\t\t\t\tmargin-top: 10px;\n\t\t\t\ttext-align: center;\n\t\t\t\twidth: 33%;\n\t\t\t}\n\t\t\t#gallery-1 img {\n\t\t\t\tborder: 2px solid #cfcfcf;\n\t\t\t}\n\t\t\t#gallery-1 .gallery-caption {\n\t\t\t\tmargin-left: 0;\n\t\t\t}\n\t\t\t\/* see gallery_shortcode() in wp-includes\/media.php *\/\n\t\t<\/style>\n\t\t<div id='gallery-1' class='gallery galleryid-7841 gallery-columns-3 gallery-size-medium'><dl class='gallery-item'>\n\t\t\t<dt class='gallery-icon portrait'>\n\t\t\t\t<a data-rel=\"iLightbox[postimages]\" data-title=\"Brieuc de la Fourni\u00e8re\" data-caption=\"\" href='http:\/\/emafructidor.com\/ema\/img_4073\/'><img width=\"225\" height=\"300\" src=\"http:\/\/emafructidor.com\/ema\/wp-content\/uploads\/2021\/11\/IMG_4073-225x300.jpg\" class=\"attachment-medium size-medium\" alt=\"\" loading=\"lazy\" srcset=\"http:\/\/emafructidor.com\/ema\/wp-content\/uploads\/2021\/11\/IMG_4073-200x267.jpg 200w, http:\/\/emafructidor.com\/ema\/wp-content\/uploads\/2021\/11\/IMG_4073-225x300.jpg 225w, http:\/\/emafructidor.com\/ema\/wp-content\/uploads\/2021\/11\/IMG_4073-400x533.jpg 400w, http:\/\/emafructidor.com\/ema\/wp-content\/uploads\/2021\/11\/IMG_4073-525x700.jpg 525w, http:\/\/emafructidor.com\/ema\/wp-content\/uploads\/2021\/11\/IMG_4073-600x800.jpg 600w, http:\/\/emafructidor.com\/ema\/wp-content\/uploads\/2021\/11\/IMG_4073-768x1024.jpg 768w, http:\/\/emafructidor.com\/ema\/wp-content\/uploads\/2021\/11\/IMG_4073-800x1067.jpg 800w, http:\/\/emafructidor.com\/ema\/wp-content\/uploads\/2021\/11\/IMG_4073-1200x1600.jpg 1200w\" sizes=\"(max-width: 225px) 100vw, 225px\" \/><\/a>\n\t\t\t<\/dt><\/dl><dl class='gallery-item'>\n\t\t\t<dt class='gallery-icon portrait'>\n\t\t\t\t<a data-rel=\"iLightbox[postimages]\" data-title=\"Brieuc de la Fourni\u00e8re\" data-caption=\"\" href='http:\/\/emafructidor.com\/ema\/img_4072\/'><img width=\"225\" height=\"300\" src=\"http:\/\/emafructidor.com\/ema\/wp-content\/uploads\/2021\/11\/IMG_4072-225x300.jpg\" class=\"attachment-medium size-medium\" alt=\"\" loading=\"lazy\" srcset=\"http:\/\/emafructidor.com\/ema\/wp-content\/uploads\/2021\/11\/IMG_4072-200x267.jpg 200w, http:\/\/emafructidor.com\/ema\/wp-content\/uploads\/2021\/11\/IMG_4072-225x300.jpg 225w, http:\/\/emafructidor.com\/ema\/wp-content\/uploads\/2021\/11\/IMG_4072-400x533.jpg 400w, http:\/\/emafructidor.com\/ema\/wp-content\/uploads\/2021\/11\/IMG_4072-525x700.jpg 525w, http:\/\/emafructidor.com\/ema\/wp-content\/uploads\/2021\/11\/IMG_4072-600x800.jpg 600w, http:\/\/emafructidor.com\/ema\/wp-content\/uploads\/2021\/11\/IMG_4072-768x1024.jpg 768w, http:\/\/emafructidor.com\/ema\/wp-content\/uploads\/2021\/11\/IMG_4072-800x1067.jpg 800w, http:\/\/emafructidor.com\/ema\/wp-content\/uploads\/2021\/11\/IMG_4072-1200x1600.jpg 1200w\" sizes=\"(max-width: 225px) 100vw, 225px\" \/><\/a>\n\t\t\t<\/dt><\/dl><dl class='gallery-item'>\n\t\t\t<dt class='gallery-icon portrait'>\n\t\t\t\t<a data-rel=\"iLightbox[postimages]\" data-title=\"Brieuc de la Fourni\u00e8re\" data-caption=\"\" href='http:\/\/emafructidor.com\/ema\/img_4063\/'><img width=\"225\" height=\"300\" src=\"http:\/\/emafructidor.com\/ema\/wp-content\/uploads\/2021\/11\/IMG_4063-225x300.jpg\" class=\"attachment-medium size-medium\" alt=\"\" loading=\"lazy\" srcset=\"http:\/\/emafructidor.com\/ema\/wp-content\/uploads\/2021\/11\/IMG_4063-200x267.jpg 200w, http:\/\/emafructidor.com\/ema\/wp-content\/uploads\/2021\/11\/IMG_4063-225x300.jpg 225w, http:\/\/emafructidor.com\/ema\/wp-content\/uploads\/2021\/11\/IMG_4063-400x533.jpg 400w, http:\/\/emafructidor.com\/ema\/wp-content\/uploads\/2021\/11\/IMG_4063-525x700.jpg 525w, http:\/\/emafructidor.com\/ema\/wp-content\/uploads\/2021\/11\/IMG_4063-600x800.jpg 600w, http:\/\/emafructidor.com\/ema\/wp-content\/uploads\/2021\/11\/IMG_4063-768x1024.jpg 768w, http:\/\/emafructidor.com\/ema\/wp-content\/uploads\/2021\/11\/IMG_4063-800x1067.jpg 800w, http:\/\/emafructidor.com\/ema\/wp-content\/uploads\/2021\/11\/IMG_4063-1200x1600.jpg 1200w\" sizes=\"(max-width: 225px) 100vw, 225px\" \/><\/a>\n\t\t\t<\/dt><\/dl><br style=\"clear: both\" \/><dl class='gallery-item'>\n\t\t\t<dt class='gallery-icon landscape'>\n\t\t\t\t<a data-rel=\"iLightbox[postimages]\" data-title=\"Brieuc de la Fourni\u00e8re\" data-caption=\"\" href='http:\/\/emafructidor.com\/ema\/img_4076\/'><img width=\"300\" height=\"225\" src=\"http:\/\/emafructidor.com\/ema\/wp-content\/uploads\/2021\/11\/IMG_4076-300x225.jpg\" class=\"attachment-medium size-medium\" alt=\"\" loading=\"lazy\" srcset=\"http:\/\/emafructidor.com\/ema\/wp-content\/uploads\/2021\/11\/IMG_4076-200x150.jpg 200w, http:\/\/emafructidor.com\/ema\/wp-content\/uploads\/2021\/11\/IMG_4076-300x225.jpg 300w, http:\/\/emafructidor.com\/ema\/wp-content\/uploads\/2021\/11\/IMG_4076-400x300.jpg 400w, http:\/\/emafructidor.com\/ema\/wp-content\/uploads\/2021\/11\/IMG_4076-600x450.jpg 600w, http:\/\/emafructidor.com\/ema\/wp-content\/uploads\/2021\/11\/IMG_4076-700x525.jpg 700w, http:\/\/emafructidor.com\/ema\/wp-content\/uploads\/2021\/11\/IMG_4076-768x576.jpg 768w, http:\/\/emafructidor.com\/ema\/wp-content\/uploads\/2021\/11\/IMG_4076-800x600.jpg 800w, http:\/\/emafructidor.com\/ema\/wp-content\/uploads\/2021\/11\/IMG_4076-1200x900.jpg 1200w\" sizes=\"(max-width: 300px) 100vw, 300px\" \/><\/a>\n\t\t\t<\/dt><\/dl><dl class='gallery-item'>\n\t\t\t<dt class='gallery-icon landscape'>\n\t\t\t\t<a data-rel=\"iLightbox[postimages]\" data-title=\"Brieuc de la Fourni\u00e8re\" data-caption=\"\" href='http:\/\/emafructidor.com\/ema\/img_4077\/'><img width=\"300\" height=\"225\" src=\"http:\/\/emafructidor.com\/ema\/wp-content\/uploads\/2021\/11\/IMG_4077-300x225.jpg\" class=\"attachment-medium size-medium\" alt=\"\" loading=\"lazy\" srcset=\"http:\/\/emafructidor.com\/ema\/wp-content\/uploads\/2021\/11\/IMG_4077-200x150.jpg 200w, http:\/\/emafructidor.com\/ema\/wp-content\/uploads\/2021\/11\/IMG_4077-300x225.jpg 300w, http:\/\/emafructidor.com\/ema\/wp-content\/uploads\/2021\/11\/IMG_4077-400x300.jpg 400w, http:\/\/emafructidor.com\/ema\/wp-content\/uploads\/2021\/11\/IMG_4077-600x450.jpg 600w, http:\/\/emafructidor.com\/ema\/wp-content\/uploads\/2021\/11\/IMG_4077-700x525.jpg 700w, http:\/\/emafructidor.com\/ema\/wp-content\/uploads\/2021\/11\/IMG_4077-768x576.jpg 768w, http:\/\/emafructidor.com\/ema\/wp-content\/uploads\/2021\/11\/IMG_4077-800x600.jpg 800w, http:\/\/emafructidor.com\/ema\/wp-content\/uploads\/2021\/11\/IMG_4077-1200x900.jpg 1200w\" sizes=\"(max-width: 300px) 100vw, 300px\" \/><\/a>\n\t\t\t<\/dt><\/dl>\n\t\t\t<br style='clear: both' \/>\n\t\t<\/div>\n\n<\/div><div class=\"fusion-clearfix\"><\/div>\n\n\t\t\t\t\t<\/div>\n\t\t\t\t<\/div><\/div><\/div>\n","protected":false},"excerpt":{"rendered":"","protected":false},"author":9,"featured_media":0,"parent":0,"menu_order":0,"comment_status":"closed","ping_status":"closed","template":"","meta":{"ngg_post_thumbnail":0},"_links":{"self":[{"href":"http:\/\/emafructidor.com\/ema\/wp-json\/wp\/v2\/pages\/7841"}],"collection":[{"href":"http:\/\/emafructidor.com\/ema\/wp-json\/wp\/v2\/pages"}],"about":[{"href":"http:\/\/emafructidor.com\/ema\/wp-json\/wp\/v2\/types\/page"}],"author":[{"embeddable":true,"href":"http:\/\/emafructidor.com\/ema\/wp-json\/wp\/v2\/users\/9"}],"replies":[{"embeddable":true,"href":"http:\/\/emafructidor.com\/ema\/wp-json\/wp\/v2\/comments?post=7841"}],"version-history":[{"count":1,"href":"http:\/\/emafructidor.com\/ema\/wp-json\/wp\/v2\/pages\/7841\/revisions"}],"predecessor-version":[{"id":7842,"href":"http:\/\/emafructidor.com\/ema\/wp-json\/wp\/v2\/pages\/7841\/revisions\/7842"}],"wp:attachment":[{"href":"http:\/\/emafructidor.com\/ema\/wp-json\/wp\/v2\/media?parent=7841"}],"curies":[{"name":"wp","href":"https:\/\/api.w.org\/{rel}","templated":true}]}}