{"id":8494,"date":"2023-02-17T10:37:18","date_gmt":"2023-02-17T09:37:18","guid":{"rendered":"http:\/\/emafructidor.com\/ema\/?page_id=8494"},"modified":"2024-02-20T12:30:53","modified_gmt":"2024-02-20T11:30:53","slug":"mobilites-a-letranger","status":"publish","type":"page","link":"http:\/\/emafructidor.com\/ema\/international\/mobilites-a-letranger\/","title":{"rendered":"Mobilit\u00e9s \u00e0 l&rsquo;\u00e9tranger"},"content":{"rendered":"<div class=\"fusion-fullwidth fullwidth-box nonhundred-percent-fullwidth non-hundred-percent-height-scrolling\"  style='background-color: #ffffff;background-position: center center;background-repeat: no-repeat;padding-top:0px;padding-right:0px;padding-bottom:0px;padding-left:0px;'><div class=\"fusion-builder-row fusion-row \"><div  class=\"fusion-layout-column fusion_builder_column fusion_builder_column_1_1  fusion-one-full fusion-column-first fusion-column-last 1_1\"  style='margin-top:0px;margin-bottom:20px;'>\n\t\t\t\t\t<div class=\"fusion-column-wrapper\" style=\"background-position:left top;background-repeat:no-repeat;-webkit-background-size:cover;-moz-background-size:cover;-o-background-size:cover;background-size:cover;\"  data-bg-url=\"\">\n\t\t\t\t\t\t<div class=\"fusion-text\"><h2>MOBILIT\u00c9 A L&rsquo;\u00c9TRANGER |<\/h2>\n<\/div><div class=\"fusion-text\"><p align=\"justify\">L&rsquo;e|m|a encourage ses \u00e9tudiant.e.s \u00e0 effectuer des stages et des semestres d&rsquo;\u00e9tudes \u00e0 l&rsquo;\u00e9tranger, en particulier au cours de la 4<sup>e<\/sup> ann\u00e9e (premi\u00e8re ann\u00e9e du 2<sup>e<\/sup> cycle).<\/p>\n<p align=\"justify\">Les \u00e9tudiant.e.s qui effectuent un semestre d\u2019\u00e9tudes ou un stage \u00e0 l&rsquo;\u00e9tranger valident 20 cr\u00e9dits ECTS dans l\u2019\u00e9tablissement d\u2019accueil.<\/p>\n<\/div><div class=\"fusion-text\"><h3>COMMISSION DE MOBILIT\u00c9 |<\/h3>\n<\/div><div class=\"fusion-text\"><p align=\"justify\">D\u00e8s la 3<sup>e<\/sup> ann\u00e9e, les \u00e9tudiant.e.s de l&rsquo;e|m|a pr\u00e9sentent leur projet de mobilit\u00e9 de cycle 2 \u00e0 une commission d&rsquo;enseignants. Cela permet \u00e0 l&rsquo;e|m|a d&rsquo;accompagner le mieux possible ses \u00e9tudiant.e.s dans leurs projets de s\u00e9jour \u00e0 l&rsquo;\u00e9tranger : conventionnement avec des \u00e9tablissements d&rsquo;enseignement sup\u00e9rieur \u00e9trangers, pr\u00e9paration des dossiers de candidature et aides financi\u00e8res.<\/p>\n<\/div><div class=\"fusion-text\"><h3>AIDES FINANCIERES |<\/h3>\n<\/div><div class=\"fusion-text\"><ul>\n<li>La bourse Erasmus+<\/li>\n<li>Les bourses Dynastage et Aquisis de la R\u00e9gion Bourgogne-Franche-Comt\u00e9<\/li>\n<li>Pour les \u00e9tudiants boursiers : conservation de la bourse sur crit\u00e8res sociaux du Crous et possibilit\u00e9 d&rsquo;obtention d&rsquo;une aide compl\u00e9mentaire du minist\u00e8re de la culture (AMI : aide \u00e0 la mobilit\u00e9 internationale)<\/li>\n<\/ul>\n<\/div><div class=\"fusion-clearfix\"><\/div>\n\n\t\t\t\t\t<\/div>\n\t\t\t\t<\/div><\/div><\/div>\n","protected":false},"excerpt":{"rendered":"","protected":false},"author":5,"featured_media":0,"parent":8492,"menu_order":0,"comment_status":"closed","ping_status":"closed","template":"","meta":{"ngg_post_thumbnail":0},"_links":{"self":[{"href":"http:\/\/emafructidor.com\/ema\/wp-json\/wp\/v2\/pages\/8494"}],"collection":[{"href":"http:\/\/emafructidor.com\/ema\/wp-json\/wp\/v2\/pages"}],"about":[{"href":"http:\/\/emafructidor.com\/ema\/wp-json\/wp\/v2\/types\/page"}],"author":[{"embeddable":true,"href":"http:\/\/emafructidor.com\/ema\/wp-json\/wp\/v2\/users\/5"}],"replies":[{"embeddable":true,"href":"http:\/\/emafructidor.com\/ema\/wp-json\/wp\/v2\/comments?post=8494"}],"version-history":[{"count":4,"href":"http:\/\/emafructidor.com\/ema\/wp-json\/wp\/v2\/pages\/8494\/revisions"}],"predecessor-version":[{"id":9153,"href":"http:\/\/emafructidor.com\/ema\/wp-json\/wp\/v2\/pages\/8494\/revisions\/9153"}],"up":[{"embeddable":true,"href":"http:\/\/emafructidor.com\/ema\/wp-json\/wp\/v2\/pages\/8492"}],"wp:attachment":[{"href":"http:\/\/emafructidor.com\/ema\/wp-json\/wp\/v2\/media?parent=8494"}],"curies":[{"name":"wp","href":"https:\/\/api.w.org\/{rel}","templated":true}]}}