{"id":8497,"date":"2023-02-17T10:48:49","date_gmt":"2023-02-17T09:48:49","guid":{"rendered":"http:\/\/emafructidor.com\/ema\/?page_id=8497"},"modified":"2025-01-16T11:03:38","modified_gmt":"2025-01-16T10:03:38","slug":"accueil-detudiants-etrangers","status":"publish","type":"page","link":"http:\/\/emafructidor.com\/ema\/international\/accueil-detudiants-etrangers\/","title":{"rendered":"Accueil d&rsquo;\u00e9tudiants \u00e9trangers"},"content":{"rendered":"<div class=\"fusion-fullwidth fullwidth-box nonhundred-percent-fullwidth non-hundred-percent-height-scrolling\"  style='background-color: #ffffff;background-position: center center;background-repeat: no-repeat;padding-top:0px;padding-right:0px;padding-bottom:0px;padding-left:0px;'><div class=\"fusion-builder-row fusion-row \"><div  class=\"fusion-layout-column fusion_builder_column fusion_builder_column_1_1  fusion-one-full fusion-column-first fusion-column-last 1_1\"  style='margin-top:0px;margin-bottom:20px;'>\n\t\t\t\t\t<div class=\"fusion-column-wrapper\" style=\"background-position:left top;background-repeat:no-repeat;-webkit-background-size:cover;-moz-background-size:cover;-o-background-size:cover;background-size:cover;\"  data-bg-url=\"\">\n\t\t\t\t\t\t<div class=\"fusion-text\"><h2 style=\"text-align: left;\">ACCUEIL D&rsquo;\u00c9TUDIANT.E.S ETRANGER.E.S |<\/h2>\n<\/div><div class=\"fusion-text\"><h3 style=\"text-align: left;\">COMMENT CANDIDATER |<\/h3>\n<\/div><div class=\"fusion-text\"><p>Si vous souhaitez passer un semestre \u00e0 l&rsquo;e|m|a, veuillez avant tout contacter le coordinateur Erasmus de votre \u00e9tablissement.<br \/>\nCelui-ci se mettra alors en relation avec l&rsquo;e|m|a pour v\u00e9rifier l&rsquo;existence d&rsquo;un accord entre nos deux \u00e9tablissements ou pour en cr\u00e9er un.<\/p>\n<p>Un dossier de candidature vous sera demand\u00e9. Il est compos\u00e9 :<\/p>\n<ul>\n<li>d&rsquo;une lettre de motivation<\/li>\n<li>d&rsquo;un portfolio<\/li>\n<li>d&rsquo;un curriculum vitae<\/li>\n<li>d&rsquo;un scan de votre passeport ou pi\u00e8ce d&rsquo;identit\u00e9<\/li>\n<\/ul>\n<p>Ce dossier sera \u00e0 envoyer par mail \u00e0 : <a href=\"mailto:erasmus.ema@legrandchalon.fr\">erasmus.ema@legrandchalon.fr<\/a><\/p>\n<p>Les \u00e9tudiants \u00e9trangers admis dans notre \u00e9cole ne sont pas redevables des frais d&rsquo;inscription s&rsquo;ils ont acquitt\u00e9 des frais d&rsquo;inscription dans leur propre \u00e9cole ou universit\u00e9.<\/p>\n<\/div><div class=\"fusion-text\"><h3 style=\"text-align: left;\">D\u00c9ROULEMENT DU S\u00c9JOUR D&rsquo;\u00c9TUDES |<\/h3>\n<\/div><div class=\"fusion-text\"><p>A leur arriv\u00e9e, les \u00e9tudiants \u00e9trangers indiqueront sur un contrat d\u2019\u00e9tudes les enseignements qu\u2019ils suivront au cours du semestre choisis parmi les diff\u00e9rents ateliers techniques et pratiques propos\u00e9s par l\u2019\u00e9cole.<br \/>\nLa participation au cours de Fran\u00e7ais Langue Etrang\u00e8re est obligatoire.<br \/>\nTous les cours \u00e9tant dispens\u00e9s en Fran\u00e7ais, un niveau B1 minimum est demand\u00e9.<br \/>\nUn document attestant des cr\u00e9dits sera d\u00e9livr\u00e9 \u00e0 l\u2019issue du s\u00e9jour.<\/p>\n<\/div><div class=\"fusion-clearfix\"><\/div>\n\n\t\t\t\t\t<\/div>\n\t\t\t\t<\/div><\/div><\/div>\n","protected":false},"excerpt":{"rendered":"","protected":false},"author":5,"featured_media":0,"parent":8492,"menu_order":0,"comment_status":"closed","ping_status":"closed","template":"","meta":{"ngg_post_thumbnail":0},"_links":{"self":[{"href":"http:\/\/emafructidor.com\/ema\/wp-json\/wp\/v2\/pages\/8497"}],"collection":[{"href":"http:\/\/emafructidor.com\/ema\/wp-json\/wp\/v2\/pages"}],"about":[{"href":"http:\/\/emafructidor.com\/ema\/wp-json\/wp\/v2\/types\/page"}],"author":[{"embeddable":true,"href":"http:\/\/emafructidor.com\/ema\/wp-json\/wp\/v2\/users\/5"}],"replies":[{"embeddable":true,"href":"http:\/\/emafructidor.com\/ema\/wp-json\/wp\/v2\/comments?post=8497"}],"version-history":[{"count":5,"href":"http:\/\/emafructidor.com\/ema\/wp-json\/wp\/v2\/pages\/8497\/revisions"}],"predecessor-version":[{"id":10133,"href":"http:\/\/emafructidor.com\/ema\/wp-json\/wp\/v2\/pages\/8497\/revisions\/10133"}],"up":[{"embeddable":true,"href":"http:\/\/emafructidor.com\/ema\/wp-json\/wp\/v2\/pages\/8492"}],"wp:attachment":[{"href":"http:\/\/emafructidor.com\/ema\/wp-json\/wp\/v2\/media?parent=8497"}],"curies":[{"name":"wp","href":"https:\/\/api.w.org\/{rel}","templated":true}]}}