{"id":8749,"date":"2023-07-10T12:20:44","date_gmt":"2023-07-10T11:20:44","guid":{"rendered":"http:\/\/emafructidor.com\/ema\/?page_id=8749"},"modified":"2023-07-10T12:20:44","modified_gmt":"2023-07-10T11:20:44","slug":"conferences","status":"publish","type":"page","link":"http:\/\/emafructidor.com\/ema\/arcs\/workshops-et-conferences\/conferences\/","title":{"rendered":"conf\u00e9rences"},"content":{"rendered":"<div class=\"fusion-fullwidth fullwidth-box nonhundred-percent-fullwidth non-hundred-percent-height-scrolling\"  style='background-color: #ffffff;background-position: center center;background-repeat: no-repeat;padding-top:0px;padding-right:0px;padding-bottom:0px;padding-left:0px;'><div class=\"fusion-builder-row fusion-row \"><div  class=\"fusion-layout-column fusion_builder_column fusion_builder_column_1_1  fusion-one-full fusion-column-first fusion-column-last 1_1\"  style='margin-top:0px;margin-bottom:20px;'>\n\t\t\t\t\t<div class=\"fusion-column-wrapper\" style=\"background-position:left top;background-repeat:no-repeat;-webkit-background-size:cover;-moz-background-size:cover;-o-background-size:cover;background-size:cover;\"  data-bg-url=\"\">\n\t\t\t\t\t\t<div class=\"fusion-text\"><h2><strong>CONF\u00c9RENCES 2022-2023<\/strong><\/h2>\n<\/div><div class=\"fusion-text\"><p><em>28 novembre &#8211; 14h-17h | Conservatoire du Grand Chalon | Jean-Jacques B\u00e9naily et Nicolas Exertier &#8211; Connexions musicales , contacts, prospective autour de l&rsquo;expressionnisme abstrait<\/em><em><br \/>\nUne conf\u00e9rence dans le cadre du programme Cultures contemporaines &#8211; CRR-e|m|a<\/em><\/p>\n<p><em>14 d\u00e9cembre- 14h15-16h45 | Th\u00e9\u00e2tre du Grain de sel | Sonia Cheval, Lucie Donet et Lysiane Magnet &#8211; Les oiseaux<\/em><em><br \/>\nUne conf\u00e9rence dans le cadre du programme Cultures contemporaines &#8211; CRR-e|m|a<\/em><\/p>\n<p><em>18 janvier &#8211; 18h-20h | Nic\u00e9phore Cit\u00e9 | Mustapha Az\u00e9roual &#8211;&nbsp; De l&rsquo;\u00e9blouissement&nbsp;en photographie<\/em><\/p>\n<p><em>20 f\u00e9vrier- 18h-20h | e|m|a &#8211; Site Fructidor | Ana\u00efd Demir &#8211; Maison-m\u00e8re<\/em><\/p>\n<p><em>6 mars &#8211; 14h-17h | Conservatoire du Grand Chalon | Diane Blondeau, S\u00e9bastien Roux &#8211; Le jeu dans la cr\u00e9ation en arts plastiques<\/em><br \/>\n<em>Une conf\u00e9rence dans le cadre du programme Cultures contemporaines &#8211; CRR-e|m|a<\/em><\/p>\n<p><em>7 mars &#8211;&nbsp; 18h-20h | Th\u00e9\u00e2tre Piccolo | Thierry Jousse &#8211; Des films pour vos oreilles (modernit\u00e9 de la musique au cin\u00e9ma)<\/em><br \/>\n<em>Report\u00e9<\/em><\/p>\n<p><em>15 mars &#8211; 18h-20h | e|m|a &#8211; Site Fructidor | Gemma Anderson &#8211; <\/em><em>Drawing as a way of knowing (en Anglais)<\/em><br \/>\n<em>Une conf\u00e9rence dans le cadre du programme de recherche Mondes visuels<\/em><\/p>\n<p><a href=\"http:\/\/emafructidor.com\/ema\/conference-le-jeu-dans-dans-la-philosophie-et-la-creation\/\">3 avril &#8211; 14h-17h | Conservatoire du Grand Chalon | Cl\u00e9ment Cannone, S\u00e9bastien Roux &#8211; Le jeu dans la philosophie et la cr\u00e9ation<\/a><br \/>\nUne conf\u00e9rence dans le cadre du programme <em>Cultures contemporaines<\/em> &#8211; CRR-e|m|a<\/p>\n<p><a href=\"http:\/\/emafructidor.com\/ema\/conference-i-la-pictures-generation-et-les-affects-i-francois-aubart\/\">4 avril &#8211; 18h-20h | e|m|a &#8211; Site Fructidor | Fran\u00e7ois Aubart &#8211;&nbsp; La Pictures Generation et les affects<\/a><\/p>\n<p><a href=\"http:\/\/emafructidor.com\/ema\/conference-i-surveillance-screen-mediated-archives-mode-de-production-de-la-surveillance\/\">5 avril &#8211; 18h-20h | e|m|a &#8211; Site Fructidor | Paula Albuquerque &amp; belit sa\u011f&nbsp; &#8211; Surveillance \/ Screen-mediated Archives (en Anglais)<\/a><br \/>\nUne conf\u00e9rence dans le cadre du programme de recherche <em>Mondes visuels<\/em><\/p>\n<p><a href=\"http:\/\/emafructidor.com\/ema\/conference-the-well-tempered\/\">2 mai &#8211; 18h-20h | e|m|a &#8211; Site Fructidor | Jade Barget &#8211; The well tempered<\/a><\/p>\n<p><a href=\"http:\/\/emafructidor.com\/ema\/conference-formes-et-matieres-vivantes-entre-visible-et-invisible-perspectives-anthropologiques\/\">11 mai &#8211; 18h-20h | e|m|a &#8211; Site Fructidor | Perig Pitrou<\/a><br \/>\nUne conf\u00e9rence dans le cadre du programme de recherche <em>Mondes visuels<\/em><\/p>\n<p><a href=\"http:\/\/emafructidor.com\/ema\/conference-brrrrrrrruit-de-limperfection-a-lexpression-artistique\/\">15 mai &#8211; 14h-17h | e|m|a &#8211; Site Fructidorl | Armando Balice et Jacques Vannet | Brrrrrrrruit : de l&rsquo;imperfection \u00e0 l&rsquo;expression artistique<\/a><br \/>\nUne conf\u00e9rence dans le cadre du programme <em>Cultures contemporaines<\/em> &#8211; CRR-e|m|a<\/p>\n<p><a href=\"http:\/\/emafructidor.com\/ema\/conference-i-data-based-aesthetics-modeling-visual-interpretation\/\">30 mai &#8211; 18h-20h | e|m|a &#8211; Site Fructidor | Rosemary Lee &#8211; Data-based Aesthetics: Modeling Visual Interpretation (en Anglais)<\/a><br \/>\nUne conf\u00e9rence dans le cadre du programme de recherche <em>Mondes visuels<\/em><\/p>\n<\/div><div class=\"fusion-clearfix\"><\/div>\n\n\t\t\t\t\t<\/div>\n\t\t\t\t<\/div><\/div><\/div>\n","protected":false},"excerpt":{"rendered":"","protected":false},"author":14,"featured_media":0,"parent":6148,"menu_order":0,"comment_status":"closed","ping_status":"closed","template":"","meta":{"ngg_post_thumbnail":0},"_links":{"self":[{"href":"http:\/\/emafructidor.com\/ema\/wp-json\/wp\/v2\/pages\/8749"}],"collection":[{"href":"http:\/\/emafructidor.com\/ema\/wp-json\/wp\/v2\/pages"}],"about":[{"href":"http:\/\/emafructidor.com\/ema\/wp-json\/wp\/v2\/types\/page"}],"author":[{"embeddable":true,"href":"http:\/\/emafructidor.com\/ema\/wp-json\/wp\/v2\/users\/14"}],"replies":[{"embeddable":true,"href":"http:\/\/emafructidor.com\/ema\/wp-json\/wp\/v2\/comments?post=8749"}],"version-history":[{"count":3,"href":"http:\/\/emafructidor.com\/ema\/wp-json\/wp\/v2\/pages\/8749\/revisions"}],"predecessor-version":[{"id":8752,"href":"http:\/\/emafructidor.com\/ema\/wp-json\/wp\/v2\/pages\/8749\/revisions\/8752"}],"up":[{"embeddable":true,"href":"http:\/\/emafructidor.com\/ema\/wp-json\/wp\/v2\/pages\/6148"}],"wp:attachment":[{"href":"http:\/\/emafructidor.com\/ema\/wp-json\/wp\/v2\/media?parent=8749"}],"curies":[{"name":"wp","href":"https:\/\/api.w.org\/{rel}","templated":true}]}}